{"id":3957,"date":"2021-04-23T18:54:08","date_gmt":"2021-04-23T22:54:08","guid":{"rendered":"https:\/\/beq-technology.adgmarketing.com\/?post_type=product&#038;p=3957"},"modified":"2021-05-05T19:28:08","modified_gmt":"2021-05-05T23:28:08","slug":"controleur-de-charge-dcc12","status":"publish","type":"product","link":"https:\/\/procher-beqtechnology.adgmarketing.com\/en\/produit\/controleur-de-charge-dcc12\/","title":{"rendered":"Contr\u00f4leur de charge DCC12"},"content":{"rendered":"<p>Contr\u00f4leur de charge DCC12 de Thermolec 240 Volts pour alimentation principale de 60A \u00e0 200A;\u00a0 Remplace le DCC10.<\/p>\n<p>Le DCC &#8211; Contr\u00f4leur de charge pour v\u00e9hicules \u00e9lectriques est un dispositif de s\u00e9curit\u00e9 avec un ajustement programmable qui permet de prot\u00e9ger une distribution \u00e9lectrique en fonction de son disjoncteur principale. Il permet de pr\u00e9venir la surcharge d\u2019une distribution \u00e9lectrique en coupant momentan\u00e9ment l\u2019alimentation de la borne de recharge lorsque la demande exc\u00e8de 80% de la capacit\u00e9 du disjoncteur principale.<\/p>\n<p>Boitier: NEMA 3R<\/p>\n<p>Dimensions*(H\u00a0\u00bb x W\u00a0\u00bb x D\u00a0\u00bb)11&Prime; x 8&Prime; x 5&Prime;<\/p>\n<p>Poids total*8 lb (3,63 kg)<\/p>\n<p><a href=\"https:\/\/borneselectriquesquebec.com\/wp-content\/uploads\/2021\/03\/dcc_fiche-technique_dcc-12_v2-vf.pdf\">Fiche technique<\/a><\/p>\n<p><a href=\"https:\/\/borneselectriquesquebec.com\/wp-content\/uploads\/2021\/03\/dcc_installation-manual_dcc-12_v2-vf.pdf\">Manuel d&rsquo;installation<\/a><\/p>","protected":false},"excerpt":{"rendered":"<p>Le DCC &#8211; Contr\u00f4leur de charge pour v\u00e9hicules \u00e9lectriques est un dispositif de s\u00e9curit\u00e9 avec un ajustement programmable qui permet de prot\u00e9ger une distribution \u00e9lectrique en fonction de son disjoncteur principale. Il permet de pr\u00e9venir la surcharge d\u2019une distribution \u00e9lectrique en coupant momentan\u00e9ment l\u2019alimentation de la borne de recharge lorsque la demande exc\u00e8de 80% de la capacit\u00e9 du disjoncteur principale.<\/p>\n<p>Le DCC-12 est un contr\u00f4leur de charge pour v\u00e9hicule \u00e9lectrique sp\u00e9cialement con\u00e7u pour permettre de connecter une borne de recharge \u00e0 un panneau \u00e9lectrique qui autrement n\u2019aurait pas la capacit\u00e9 suffisante pour permettre le raccordement.<br \/>\nFONCTIONNEMENT<br \/>\n\u2013 Lecture en temps r\u00e9el de la consommation d\u2019\u00e9nergie du panneau \u00e9lectrique du domicile;<br \/>\n\u2013 D\u00e9tecte lorsque la consommation totale d\u2019\u00e9nergie exc\u00e8de 80% de la capacit\u00e9 du disjoncteur principal et coupe temporairement l\u2019alimentation de la borne de recharge;<br \/>\n\u2013 R\u00e9alimente automatiquement la borne de recharge lorsque la consommation totale du panneau \u00e9lectrique est inf\u00e9rieure \u00e0 80% de sa capacit\u00e9 pendant plus de 15 minutes.<br \/>\nD\u00c9TAILS<br \/>\n\u2013 \u00c9vite d\u2019avoir \u00e0 changer un panneau \u00e9lectrique qui est \u00e0 pleine capacit\u00e9.<br \/>\n\u2013 N\u2019ajoute pas de charge suppl\u00e9mentaire sur le panneau \u00e9lectrique gr\u00e2ce \u00e0 la gestion d\u2019\u00e9nergie.<br \/>\n\u2013 Boitier NEMA 3R pour l\u2019installation \u00e0 l\u2019ext\u00e9rieur et \u00e0 l\u2019int\u00e9rieur.<br \/>\n\u2013 S\u2019installe au mur et au plafond.<br \/>\nINCLUS DANS LE BOITIER<br \/>\n\u2013 Contr\u00f4leur de charge<br \/>\n\u2013 Relais de puissance (Max 60A)<br \/>\n\u2013 2 lecteurs de courant (CT)<\/p>","protected":false},"featured_media":2358,"template":"","meta":{"_acf_changed":false},"product_brand":[],"product_cat":[31,41],"product_tag":[],"class_list":{"0":"post-3957","1":"product","2":"type-product","3":"status-publish","4":"has-post-thumbnail","6":"product_cat-accessoires","7":"product_cat-gestion-courant","8":"product_shipping_class-borne","10":"first","11":"onbackorder","12":"taxable","13":"shipping-taxable","14":"purchasable","15":"product-type-simple"},"acf":[],"_links":{"self":[{"href":"https:\/\/procher-beqtechnology.adgmarketing.com\/en\/wp-json\/wp\/v2\/product\/3957","targetHints":{"allow":["GET"]}}],"collection":[{"href":"https:\/\/procher-beqtechnology.adgmarketing.com\/en\/wp-json\/wp\/v2\/product"}],"about":[{"href":"https:\/\/procher-beqtechnology.adgmarketing.com\/en\/wp-json\/wp\/v2\/types\/product"}],"wp:featuredmedia":[{"embeddable":true,"href":"https:\/\/procher-beqtechnology.adgmarketing.com\/en\/wp-json\/wp\/v2\/media\/2358"}],"wp:attachment":[{"href":"https:\/\/procher-beqtechnology.adgmarketing.com\/en\/wp-json\/wp\/v2\/media?parent=3957"}],"wp:term":[{"taxonomy":"product_brand","embeddable":true,"href":"https:\/\/procher-beqtechnology.adgmarketing.com\/en\/wp-json\/wp\/v2\/product_brand?post=3957"},{"taxonomy":"product_cat","embeddable":true,"href":"https:\/\/procher-beqtechnology.adgmarketing.com\/en\/wp-json\/wp\/v2\/product_cat?post=3957"},{"taxonomy":"product_tag","embeddable":true,"href":"https:\/\/procher-beqtechnology.adgmarketing.com\/en\/wp-json\/wp\/v2\/product_tag?post=3957"}],"curies":[{"name":"wp","href":"https:\/\/api.w.org\/{rel}","templated":true}]}}