{"id":3882,"date":"2021-04-23T18:52:34","date_gmt":"2021-04-23T22:52:34","guid":{"rendered":"https:\/\/beq-technology.adgmarketing.com\/?post_type=product&#038;p=3882"},"modified":"2021-05-06T10:27:43","modified_gmt":"2021-05-06T14:27:43","slug":"borne-de-recharge-residentielle-evduty-de-30a-de-base-evc30-2530-000xx","status":"publish","type":"product","link":"https:\/\/procher-beqtechnology.adgmarketing.com\/en\/produit\/borne-de-recharge-residentielle-evduty-de-30a-de-base-evc30-2530-000xx\/","title":{"rendered":"Borne de recharge r\u00e9sidentielle EVduty de 30A- de base (EVC30-2530-000xx)"},"content":{"rendered":"<p>Con\u00e7ue ici au Qu\u00e9bec, la\u00a0borne de recharge EVduty\u00a0s\u2019adapte au climat rude et demeure performante malgr\u00e9 les temp\u00e9ratures de notre climat qu\u00e9b\u00e9cois. Actuellement, la borne EVduty est la plus vendue au Qu\u00e9bec.<\/p>\n<p>Facile d\u2019installation, pratique et efficace, elle s\u2019est class\u00e9e en troisi\u00e8me position selon le magazine Prot\u00e9gez-vous avec un pointage de 81%. Elle est aussi tr\u00e8s appr\u00e9ci\u00e9e pour la flexibilit\u00e9 de son c\u00e2ble, offert en longueur de 25 pieds.<\/p>\n<p>Son seul point n\u00e9gatif serait son design. En effet, selon les commentaires re\u00e7us, ce serait la moins jolie de sa cat\u00e9gorie. De plus, selon les tests effectu\u00e9s par Prot\u00e9gez-Vous, le pistolet serait difficile \u00e0 sortir lorsqu\u2019il est sous la glace.<\/p>\n<p>N\u00e9anmoins, la borne EVduty offre un excellent rendement et constitue l\u2019un des meilleurs achats en mati\u00e8re de borne de recharge de niveau 2.<\/p>\n<ul>\n<li><strong>Marque<\/strong>: Elmec EVduty-40<\/li>\n<li><strong>Mod\u00e8le<\/strong>: EVC30-2530-000xx (version de base)<\/li>\n<li><strong>S\u00e9lectionnez votre branchement:<\/strong> fiche soudeuse 6-50 <strong>OU<\/strong> fiche cuisini\u00e8re 14-50 <strong>OU<\/strong> branchement direct sans fiche<\/li>\n<li><strong>Amp\u00e9rage maximal<\/strong>: 30A<\/li>\n<li><strong>Puissance maximale<\/strong>: 7200W<\/li>\n<li>Support mural pour la borne et support pour le c\u00e2ble inclus + un r\u00e9ceptacle \u00e0 pistolet.<\/li>\n<li><strong>Garantie<\/strong>: 5 ans sur la borne et 3 ans sur le c\u00e2ble connecteur.<\/li>\n<\/ul>\n<p><a href=\"https:\/\/borneselectriquesquebec.com\/boutique\/borne-de-recharge-residentielle-evduty-40-30a-de-base-evc30-2530-001xx\/\">VERSION INTELLIGENTE smart-home disponible ici<\/a><\/p>","protected":false},"excerpt":{"rendered":"<ul>\n<li>MOD\u00c8LE : EVC30-2530-000xx (version de base)<\/li>\n<li><strong>S\u00e9lectionnez votre branchement:<\/strong> fiche soudeuse 6-50 <strong>OU<\/strong> fiche cuisini\u00e8re 14-50 <strong>OU<\/strong> branchement direct sans fiche<\/li>\n<li>208-240VAC \/ 30 amp\u00e8res<\/li>\n<li>Pour installation int\u00e9rieure ou ext\u00e9rieure (-40\u00b0C \u00c0 40\u00b0C)<\/li>\n<li>C\u00e2ble : 7,6 m\u00e8tres (25 pieds)<\/li>\n<li>Facilement transportable mais tout de m\u00eame s\u00e9curis\u00e9e par un cadenas sous son boitier<\/li>\n<li>Support mural pour la borne et support pour le c\u00e2ble inclus + un r\u00e9ceptacle \u00e0 pistolet.<\/li>\n<li>Connexion WIFI : <a href=\"https:\/\/borneselectriquesquebec.com\/boutique\/borne-de-recharge-residentielle-evduty-40-30a-de-base-evc30-2530-001xx\/\">VERSION INTELLIGENTE smart-home disponible ici<\/a><\/li>\n<li>Dimensions du bo\u00eetier : 330mm x 165mm x 60mm (13.00\u2019\u2019 x 6.50\u2019\u2019 x 2.50\u2019\u2019)<\/li>\n<li>Garantie limit\u00e9e : 5 ans sur la borne et 3 ans sur le c\u00e2ble connecteur<\/li>\n<li>Compatible avec tous les v\u00e9hicules rechargeables (100% \u00e9lectriques ou hybrides rechargeables) vendus en Am\u00e9rique du Nord (connecteur SAE J1772<sup>MD<\/sup>, norm\u00e9 \u00e0 plus de 10 000 cycles de recharge)<\/li>\n<li>Fabriqu\u00e9e par Elmec Inc. \u00e0 Shawinigan, Qu\u00e9bec, Canada<\/li>\n<\/ul>","protected":false},"featured_media":2248,"template":"","meta":{"_acf_changed":false},"product_brand":[],"product_cat":[33],"product_tag":[],"class_list":{"0":"post-3882","1":"product","2":"type-product","3":"status-publish","4":"has-post-thumbnail","6":"product_cat-bornes-de-recharges","7":"product_shipping_class-borne","9":"first","10":"instock","11":"taxable","12":"shipping-taxable","13":"purchasable","14":"product-type-variable"},"acf":[],"_links":{"self":[{"href":"https:\/\/procher-beqtechnology.adgmarketing.com\/en\/wp-json\/wp\/v2\/product\/3882","targetHints":{"allow":["GET"]}}],"collection":[{"href":"https:\/\/procher-beqtechnology.adgmarketing.com\/en\/wp-json\/wp\/v2\/product"}],"about":[{"href":"https:\/\/procher-beqtechnology.adgmarketing.com\/en\/wp-json\/wp\/v2\/types\/product"}],"wp:featuredmedia":[{"embeddable":true,"href":"https:\/\/procher-beqtechnology.adgmarketing.com\/en\/wp-json\/wp\/v2\/media\/2248"}],"wp:attachment":[{"href":"https:\/\/procher-beqtechnology.adgmarketing.com\/en\/wp-json\/wp\/v2\/media?parent=3882"}],"wp:term":[{"taxonomy":"product_brand","embeddable":true,"href":"https:\/\/procher-beqtechnology.adgmarketing.com\/en\/wp-json\/wp\/v2\/product_brand?post=3882"},{"taxonomy":"product_cat","embeddable":true,"href":"https:\/\/procher-beqtechnology.adgmarketing.com\/en\/wp-json\/wp\/v2\/product_cat?post=3882"},{"taxonomy":"product_tag","embeddable":true,"href":"https:\/\/procher-beqtechnology.adgmarketing.com\/en\/wp-json\/wp\/v2\/product_tag?post=3882"}],"curies":[{"name":"wp","href":"https:\/\/api.w.org\/{rel}","templated":true}]}}