{"id":3866,"date":"2021-04-23T18:52:27","date_gmt":"2021-04-23T22:52:27","guid":{"rendered":"https:\/\/beq-technology.adgmarketing.com\/?post_type=product&#038;p=3866"},"modified":"2026-04-16T15:08:23","modified_gmt":"2026-04-16T19:08:23","slug":"juicebox-40","status":"publish","type":"product","link":"https:\/\/procher-beqtechnology.adgmarketing.com\/en\/produit\/juicebox-40\/","title":{"rendered":"JuiceBox 40"},"content":{"rendered":"<h2 id=\"tw-target-text\" class=\"tw-data-text tw-text-large XcVN5d tw-ta\" dir=\"ltr\" data-placeholder=\"Traduction\"><span lang=\"fr\">La meilleure connectivit\u00e9 pour smartphone de sa cat\u00e9gorie Commande vocale via Amazon Alexa Peut \u00eatre retir\u00e9 du support de montage en quelques secondes JuiceBox est une station de recharge pour v\u00e9hicule \u00e9lectrique compacte, haute puissance et robuste. Elle s&rsquo;ajustera automatiquement pour fournir autant de puissance que votre VE est capable d&rsquo;accepter.<\/span><\/h2>\n<ul>\n<li>Borne de 40A (9,6 kW) demandant un disjoncteur de 50A<\/li>\n<li>Lumi\u00e8res DEL dynamiques montrant l\u2019\u00e9tat de la recharge<\/li>\n<li>Bo\u00eetier en polycarbonate imperm\u00e9able \u00e0 l\u2019eau et la poussi\u00e8re NEMA 4X<\/li>\n<li>C\u00e2ble de recharge de 25 pieds flexible en hiver<\/li>\n<li>Support de c\u00e2ble et de pistolet int\u00e9gr\u00e9 avec serrure<\/li>\n<li>Certifi\u00e9e ENERGY STAR\u2122<\/li>\n<li>Surveillez, g\u00e9rez et contr\u00f4lez votre chargeur via des commandes vocales sur Amazon Echo\/Alexa et Google Home!<\/li>\n<li>Partage de puissance entre bornes JuiceBox<\/li>\n<li><strong>Dimensions: <\/strong>7.6\u201d (173 mm) x 18.6\u201d(474 mm) x 5.6\u201d (141 mm)<\/li>\n<li>Raccordement fixe ou plugin fiche 14-50 (au choix)<\/li>\n<\/ul>","protected":false},"excerpt":{"rendered":"<h2 id=\"tw-target-text\" class=\"tw-data-text tw-text-large XcVN5d tw-ta\" dir=\"ltr\" data-placeholder=\"Traduction\"><span lang=\"fr\">La meilleure connectivit\u00e9 pour smartphone de sa cat\u00e9gorie Commande vocale via Amazon Alexa Peut \u00eatre retir\u00e9 du support de montage en quelques secondes JuiceBox est une station de recharge pour v\u00e9hicule \u00e9lectrique compacte, haute puissance et robuste. Elle s&rsquo;ajustera automatiquement pour fournir autant de puissance que votre VE est capable d&rsquo;accepter.<\/span><\/h2>\n<ul>\n<li>Borne de 40A (9,6 kW) demandant un disjoncteur de 50A<\/li>\n<li>Lumi\u00e8res DEL dynamiques montrant l\u2019\u00e9tat de la recharge<\/li>\n<li>Bo\u00eetier en polycarbonate imperm\u00e9able \u00e0 l\u2019eau et la poussi\u00e8re NEMA 4X<\/li>\n<li>C\u00e2ble de recharge de 25 pieds flexible en hiver<\/li>\n<li>Support de c\u00e2ble et de pistolet int\u00e9gr\u00e9 avec serrure<\/li>\n<li>Certifi\u00e9e ENERGY STAR\u2122<\/li>\n<li>Surveillez, g\u00e9rez et contr\u00f4lez votre chargeur via des commandes vocales sur Amazon Echo\/Alexa et Google Home!<\/li>\n<li>Partage de puissance entre bornes JuiceBox<\/li>\n<li><strong>Dimensions: <\/strong>7.6\u201d (173 mm) x 18.6\u201d(474 mm) x 5.6\u201d (141 mm)<\/li>\n<li>Raccordement fixe ou plugin fiche 14-50 (au choix)<\/li>\n<\/ul>","protected":false},"featured_media":2224,"template":"","meta":{"_acf_changed":false},"product_brand":[],"product_cat":[33],"product_tag":[],"class_list":{"0":"post-3866","1":"product","2":"type-product","3":"status-publish","4":"has-post-thumbnail","6":"product_cat-bornes-de-recharges","7":"product_shipping_class-borne","9":"first","10":"outofstock","11":"taxable","12":"shipping-taxable","13":"purchasable","14":"product-type-variable","15":"has-default-attributes"},"acf":[],"_links":{"self":[{"href":"https:\/\/procher-beqtechnology.adgmarketing.com\/en\/wp-json\/wp\/v2\/product\/3866","targetHints":{"allow":["GET"]}}],"collection":[{"href":"https:\/\/procher-beqtechnology.adgmarketing.com\/en\/wp-json\/wp\/v2\/product"}],"about":[{"href":"https:\/\/procher-beqtechnology.adgmarketing.com\/en\/wp-json\/wp\/v2\/types\/product"}],"wp:featuredmedia":[{"embeddable":true,"href":"https:\/\/procher-beqtechnology.adgmarketing.com\/en\/wp-json\/wp\/v2\/media\/2224"}],"wp:attachment":[{"href":"https:\/\/procher-beqtechnology.adgmarketing.com\/en\/wp-json\/wp\/v2\/media?parent=3866"}],"wp:term":[{"taxonomy":"product_brand","embeddable":true,"href":"https:\/\/procher-beqtechnology.adgmarketing.com\/en\/wp-json\/wp\/v2\/product_brand?post=3866"},{"taxonomy":"product_cat","embeddable":true,"href":"https:\/\/procher-beqtechnology.adgmarketing.com\/en\/wp-json\/wp\/v2\/product_cat?post=3866"},{"taxonomy":"product_tag","embeddable":true,"href":"https:\/\/procher-beqtechnology.adgmarketing.com\/en\/wp-json\/wp\/v2\/product_tag?post=3866"}],"curies":[{"name":"wp","href":"https:\/\/api.w.org\/{rel}","templated":true}]}}