{"id":3865,"date":"2021-04-23T18:52:27","date_gmt":"2021-04-23T22:52:27","guid":{"rendered":"https:\/\/beq-technology.adgmarketing.com\/?post_type=product&#038;p=3865"},"modified":"2021-05-06T08:37:40","modified_gmt":"2021-05-06T12:37:40","slug":"piedestal-beq-technology-avec-cables-retractables","status":"publish","type":"product","link":"https:\/\/procher-beqtechnology.adgmarketing.com\/en\/produit\/piedestal-beq-technology-avec-cables-retractables\/","title":{"rendered":"Pi\u00e9destal BEQ Technology avec c\u00e2bles r\u00e9tractables"},"content":{"rendered":"<p style=\"text-align: left;\">Le pi\u00e9destal BEQ Technology permet d\u2019installer jusqu\u2019\u00e0 deux bornes de recharge pour v\u00e9hicules \u00e9lectriques.<br \/>\nIl est possible de l\u2019identifier au nom et aux couleurs de l\u2019entreprise (client) \u2013 frais de 250 $ pour l\u2019ajout.<\/p>\n<p style=\"text-align: left;\">D\u00c9TAILS :<\/p>\n<ul style=\"text-align: left;\">\n<li>Fait en aluminium et peint \u00e0 l\u2019aide d\u2019une peinture en poudre par proc\u00e9d\u00e9 \u00e9lectrostatique.<\/li>\n<li>C\u00e2bles r\u00e9tractables<\/li>\n<li><strong>Universel (compatible avec toutes les bornes)<\/strong><\/li>\n<li>Panneau de fixation des bornes d\u00e9j\u00e0 perc\u00e9 avec matrice selon les bornes s\u00e9lectionn\u00e9es<\/li>\n<li>S\u2019installe \u00e0 l\u2019ext\u00e9rieur ou \u00e0 l\u2019int\u00e9rieur.<\/li>\n<li>Ouverture sur toute la fa\u00e7ade pour faciliter le passage et la connexion des c\u00e2bles<\/li>\n<li>Garantie d\u2019un an sur les d\u00e9fauts de fabrication<\/li>\n<li>Permet l\u2019installation de deux bornes.<\/li>\n<li>Entr\u00e9e des c\u00e2bles par le dessous<\/li>\n<li>Comprend un couvert de finition pour cacher l\u2019entr\u00e9e de la canalisation \u00e9lectrique et les boulons de fixation de la base.<\/li>\n<\/ul>\n<p style=\"text-align: left;\">Prix sur demande seulement<br \/>\nT\u00e9l\u00e9phone: <a href=\"tel:18444277800\">1 844 427-7800<\/a> poste 402<\/p>\n<p><a href=\"https:\/\/borneselectriquesquebec.com\/wp-content\/uploads\/2020\/11\/piedestal-beq-np.pdf\" target=\"_blank\" rel=\"noopener\">T\u00e9l\u00e9charger la fiche produit<\/a><\/p>\n<p style=\"text-align: center;\"><iframe src=\"https:\/\/player.vimeo.com\/video\/475622288\" width=\"640\" height=\"360\" frameborder=\"0\" allowfullscreen=\"allowfullscreen\"><\/iframe><\/p>\n<p style=\"text-align: center;\"><a href=\"https:\/\/vimeo.com\/475622288\">Pi\u00e9destal commercial avec c\u00e2bles r\u00e9tractables pour bornes de recharge<\/a> from <a href=\"https:\/\/vimeo.com\/user97938838\">Bornes \u00c9lectriques Qu\u00e9bec<\/a> on <a href=\"https:\/\/vimeo.com\">Vimeo<\/a>.<\/p>\n<p><img decoding=\"async\" class=\"wp-image-13280 size-medium\" src=\"https:\/\/borneselectriquesquebec.com\/wp-content\/uploads\/2020\/10\/piedestal-beq-technology-autocollants-bornes-300x300.gif\" alt=\"\" width=\"300\" height=\"300\" \/><\/p>\n<div id=\"attachment_13282\" style=\"width: 610px\" class=\"wp-caption aligncenter\"><img decoding=\"async\" aria-describedby=\"caption-attachment-13282\" class=\"size-full wp-image-13282\" src=\"https:\/\/borneselectriquesquebec.com\/wp-content\/uploads\/2020\/10\/piedestal-beq-technology-autocollants-bornes-600x600-1.gif\" alt=\"\" width=\"600\" height=\"600\" \/><p id=\"caption-attachment-13282\" class=\"wp-caption-text\">Pi\u00e9destal BEQ Technology avec c\u00e2bles r\u00e9tractables pour bornes de recharge de V\u00c9.<\/p><\/div>","protected":false},"excerpt":{"rendered":"<p><strong>Pi\u00e9destal pour borne de recharge, avec c\u00e2bles r\u00e9tractables<\/strong><\/p>\n<p>Pi\u00e9destal universel, <strong>compatible avec toutes les bornes<\/strong>, que ce soit : FLO, EVduty, ChargePoint ou autres.<\/p>\n<p>Le pi\u00e9destal permet d\u2019installer jusqu\u2019\u00e0 deux bornes de recharge pour v\u00e9hicules \u00e9lectriques.<\/p>\n<p>Prix sur demande seulement<br \/>\nT\u00e9l\u00e9phone: <a href=\"tel:18444277800\">1 844 427-7800<\/a> poste 402<\/p>","protected":false},"featured_media":2210,"template":"","meta":{"_acf_changed":false},"product_brand":[],"product_cat":[31,32],"product_tag":[],"class_list":{"0":"post-3865","1":"product","2":"type-product","3":"status-publish","4":"has-post-thumbnail","6":"product_cat-accessoires","7":"product_cat-piedestal","9":"first","10":"instock","11":"taxable","12":"shipping-taxable","13":"product-type-simple"},"acf":[],"_links":{"self":[{"href":"https:\/\/procher-beqtechnology.adgmarketing.com\/en\/wp-json\/wp\/v2\/product\/3865","targetHints":{"allow":["GET"]}}],"collection":[{"href":"https:\/\/procher-beqtechnology.adgmarketing.com\/en\/wp-json\/wp\/v2\/product"}],"about":[{"href":"https:\/\/procher-beqtechnology.adgmarketing.com\/en\/wp-json\/wp\/v2\/types\/product"}],"wp:featuredmedia":[{"embeddable":true,"href":"https:\/\/procher-beqtechnology.adgmarketing.com\/en\/wp-json\/wp\/v2\/media\/2210"}],"wp:attachment":[{"href":"https:\/\/procher-beqtechnology.adgmarketing.com\/en\/wp-json\/wp\/v2\/media?parent=3865"}],"wp:term":[{"taxonomy":"product_brand","embeddable":true,"href":"https:\/\/procher-beqtechnology.adgmarketing.com\/en\/wp-json\/wp\/v2\/product_brand?post=3865"},{"taxonomy":"product_cat","embeddable":true,"href":"https:\/\/procher-beqtechnology.adgmarketing.com\/en\/wp-json\/wp\/v2\/product_cat?post=3865"},{"taxonomy":"product_tag","embeddable":true,"href":"https:\/\/procher-beqtechnology.adgmarketing.com\/en\/wp-json\/wp\/v2\/product_tag?post=3865"}],"curies":[{"name":"wp","href":"https:\/\/api.w.org\/{rel}","templated":true}]}}