{"id":3856,"date":"2021-04-23T18:52:03","date_gmt":"2021-04-23T22:52:03","guid":{"rendered":"https:\/\/beq-technology.adgmarketing.com\/?post_type=product&#038;p=3856"},"modified":"2021-05-06T08:17:05","modified_gmt":"2021-05-06T12:17:05","slug":"controleur-de-charge-dcc950-solution-condo-exterieur","status":"publish","type":"product","link":"https:\/\/procher-beqtechnology.adgmarketing.com\/en\/produit\/controleur-de-charge-dcc950-solution-condo-exterieur\/","title":{"rendered":"Contr\u00f4leur de charge DCC950 solution condo EXT\u00c9RIEUR"},"content":{"rendered":"<p>Contr\u00f4leur de charge Thermolec 240 Volts (BREAKER 50A) pour condo, 100A \u2013 125A; en contexte de condo et d\u2019immeuble multi-r\u00e9sidentiels<\/p>\n<p>Version DCC-9-50 (condo) permettant d&rsquo;installer une borne de recharge de 40 amp\u00e8res \u00e0 l&rsquo;ext\u00e9rieur<\/p>\n<p>&nbsp;<\/p>","protected":false},"excerpt":{"rendered":"<p>Contr\u00f4leur de charge Thermolec 240 Volts (BREAKER 50A) pour condo, 100A \u2013 125A; en contexte de condo et d\u2019immeuble multi-r\u00e9sidentiels<\/p>\n<p>Version DCC-9-50 (condo) permettant d&rsquo;installer une borne de recharge de 40 amp\u00e8res \u00e0 l&rsquo;ext\u00e9rieur<\/p>","protected":false},"featured_media":1495,"template":"","meta":{"_acf_changed":false},"product_brand":[],"product_cat":[31,41],"product_tag":[],"class_list":{"0":"post-3856","1":"product","2":"type-product","3":"status-publish","4":"has-post-thumbnail","6":"product_cat-accessoires","7":"product_cat-gestion-courant","8":"product_shipping_class-borne","10":"first","11":"onbackorder","12":"taxable","13":"shipping-taxable","14":"purchasable","15":"product-type-simple"},"acf":[],"_links":{"self":[{"href":"https:\/\/procher-beqtechnology.adgmarketing.com\/en\/wp-json\/wp\/v2\/product\/3856","targetHints":{"allow":["GET"]}}],"collection":[{"href":"https:\/\/procher-beqtechnology.adgmarketing.com\/en\/wp-json\/wp\/v2\/product"}],"about":[{"href":"https:\/\/procher-beqtechnology.adgmarketing.com\/en\/wp-json\/wp\/v2\/types\/product"}],"wp:featuredmedia":[{"embeddable":true,"href":"https:\/\/procher-beqtechnology.adgmarketing.com\/en\/wp-json\/wp\/v2\/media\/1495"}],"wp:attachment":[{"href":"https:\/\/procher-beqtechnology.adgmarketing.com\/en\/wp-json\/wp\/v2\/media?parent=3856"}],"wp:term":[{"taxonomy":"product_brand","embeddable":true,"href":"https:\/\/procher-beqtechnology.adgmarketing.com\/en\/wp-json\/wp\/v2\/product_brand?post=3856"},{"taxonomy":"product_cat","embeddable":true,"href":"https:\/\/procher-beqtechnology.adgmarketing.com\/en\/wp-json\/wp\/v2\/product_cat?post=3856"},{"taxonomy":"product_tag","embeddable":true,"href":"https:\/\/procher-beqtechnology.adgmarketing.com\/en\/wp-json\/wp\/v2\/product_tag?post=3856"}],"curies":[{"name":"wp","href":"https:\/\/api.w.org\/{rel}","templated":true}]}}