{"id":3572,"date":"2021-04-23T18:46:40","date_gmt":"2021-04-23T22:46:40","guid":{"rendered":"https:\/\/beq-technology.adgmarketing.com\/?post_type=product&#038;p=3572"},"modified":"2021-05-05T19:24:03","modified_gmt":"2021-05-05T23:24:03","slug":"controleur-de-charge-dcc1040-solution-maison-exterieur","status":"publish","type":"product","link":"https:\/\/procher-beqtechnology.adgmarketing.com\/en\/produit\/controleur-de-charge-dcc1040-solution-maison-exterieur\/","title":{"rendered":"Contr\u00f4leur de charge DCC1040 solution maison EXT\u00c9RIEUR"},"content":{"rendered":"<p>Contr\u00f4leur de charge Thermolec 240 Volts pour maison, 100A \u2013 125A \u2013 150A \u2013 200A; Le DCC Maison est une composante \u00e9lectrique sp\u00e9cialement con\u00e7ue pour permettre de connecter une borne de recharge de 32A \u00e0 un panneau \u00e9lectrique qui autrement n\u2019aurait pas la capacit\u00e9 suffisante pour permettre le raccordement \u00e0 l&rsquo;ext\u00e9rieur.<\/p>\n<p>Version DCC-10 (maison) @ 40 amp\u00e8res<\/p>","protected":false},"excerpt":{"rendered":"<p>\u2013\u00a0 Lecture en temps r\u00e9el de la consommation<br \/>\nd\u2019\u00e9nergie du panneau \u00e9lectrique de la maison;<br \/>\n\u2013 D\u00e9tecte lorsque la consommation totale d\u2019\u00e9nergie exc\u00e8de 80% de la capacit\u00e9 du disjoncteur<br \/>\nprincipal et coupe temporairement l\u2019alimentation de la borne de recharge<br \/>\n\u2013 R\u00e9alimente automatiquement la borne de recharge lorsque la consommation totale du<br \/>\npanneau \u00e9lectrique est inf\u00e9rieure \u00e0 80% de sa capacit\u00e9 pendant plus de 15 minutes.<br \/>\n\u2013 Facturation automatis\u00e9e de l\u2019\u00e9lectricit\u00e9<br \/>\nconsomm\u00e9e par le v\u00e9hicule \u00e9lectrique.<br \/>\n\u2013 N\u2019ajoute pas de charge suppl\u00e9mentaire sur le panneau \u00e9lectrique de la maison.<br \/>\n\u2013 S\u2019installe au mur et au plafond.<\/p>","protected":false},"featured_media":1495,"template":"","meta":{"_acf_changed":false},"product_brand":[],"product_cat":[31,41],"product_tag":[],"class_list":{"0":"post-3572","1":"product","2":"type-product","3":"status-publish","4":"has-post-thumbnail","6":"product_cat-accessoires","7":"product_cat-gestion-courant","8":"product_shipping_class-borne","10":"first","11":"onbackorder","12":"taxable","13":"shipping-taxable","14":"purchasable","15":"product-type-simple"},"acf":[],"_links":{"self":[{"href":"https:\/\/procher-beqtechnology.adgmarketing.com\/en\/wp-json\/wp\/v2\/product\/3572","targetHints":{"allow":["GET"]}}],"collection":[{"href":"https:\/\/procher-beqtechnology.adgmarketing.com\/en\/wp-json\/wp\/v2\/product"}],"about":[{"href":"https:\/\/procher-beqtechnology.adgmarketing.com\/en\/wp-json\/wp\/v2\/types\/product"}],"wp:featuredmedia":[{"embeddable":true,"href":"https:\/\/procher-beqtechnology.adgmarketing.com\/en\/wp-json\/wp\/v2\/media\/1495"}],"wp:attachment":[{"href":"https:\/\/procher-beqtechnology.adgmarketing.com\/en\/wp-json\/wp\/v2\/media?parent=3572"}],"wp:term":[{"taxonomy":"product_brand","embeddable":true,"href":"https:\/\/procher-beqtechnology.adgmarketing.com\/en\/wp-json\/wp\/v2\/product_brand?post=3572"},{"taxonomy":"product_cat","embeddable":true,"href":"https:\/\/procher-beqtechnology.adgmarketing.com\/en\/wp-json\/wp\/v2\/product_cat?post=3572"},{"taxonomy":"product_tag","embeddable":true,"href":"https:\/\/procher-beqtechnology.adgmarketing.com\/en\/wp-json\/wp\/v2\/product_tag?post=3572"}],"curies":[{"name":"wp","href":"https:\/\/api.w.org\/{rel}","templated":true}]}}