{"id":3540,"date":"2021-04-23T18:46:05","date_gmt":"2021-04-23T22:46:05","guid":{"rendered":"https:\/\/beq-technology.adgmarketing.com\/?post_type=product&#038;p=3540"},"modified":"2021-05-06T08:39:58","modified_gmt":"2021-05-06T12:39:58","slug":"piedestal-generique","status":"publish","type":"product","link":"https:\/\/procher-beqtechnology.adgmarketing.com\/en\/produit\/piedestal-generique\/","title":{"rendered":"Pi\u00e9destal g\u00e9n\u00e9rique"},"content":{"rendered":"<p>Pi\u00e9destal universel pour borne de recharge.<\/p>\n<p>Le pi\u00e9destal permet d\u2019installer jusqu\u2019\u00e0 2 bornes de recharge pour v\u00e9hicule \u00e9lectrique.<\/p>\n<p>D\u00c9TAILS<br \/>\n&#8211; Compatible avec toutes les bornes;<br \/>\n&#8211; S\u2019installe \u00e0 l\u2019ext\u00e9rieur et \u00e0 l\u2019int\u00e9rieur;<br \/>\n&#8211; Ouverture sur le c\u00f4t\u00e9 pour faciliter le passage et la connexion des c\u00e2blages;<br \/>\n&#8211; Fait \u00e0 base d\u2019acier et d\u2019une peinture en poudre par proc\u00e9d\u00e9 \u00e9lectrostatique;<br \/>\n&#8211; Garantie 1 an sur les d\u00e9fauts de fabrication;<br \/>\n&#8211; Permets l\u2019installation de 2 bornes;<br \/>\n&#8211; Entr\u00e9e des c\u00e2bles par le dessous ou par le c\u00f4t\u00e9 de la base;<br \/>\n&#8211; Inclus un couvert de finition pour cacher l\u2019entr\u00e9e de la canalisation \u00e9lectrique et les boulons de fixation de la base.<\/p>\n<p>DESCRIPTION SP\u00c9CIFICATIONS<br \/>\nBase Acier Inoxydable, \u00e9paisseur 1\/4&Prime;<br \/>\nPiedestal Acier Inoxydable, \u00e9paisseur 1\/8&Prime;<br \/>\nPeinture Noir, powder coat heavy duty<br \/>\nDimensions * (H\u00a0\u00bb x L\u00a0\u00bb x P\u00a0\u00bb) 54.25&Prime; x 4.0&Prime; x 4.0&Prime;<br \/>\nCouvert de finition 12.0&Prime;<br \/>\n* approximatif, peut changer sans pr\u00e9avis.<\/p>","protected":false},"excerpt":{"rendered":"<p>Pi\u00e9destal universelle pour borne de recharge.<\/p>\n<p>Le pi\u00e9destal permet d\u2019installer jusqu\u2019\u00e0 2 bornes de recharge pour v\u00e9hicule \u00e9lectrique.<\/p>\n<p>D\u00c9TAILS<br \/>\n&#8211; Compatible avec toutes les bornes;<br \/>\n&#8211; S\u2019installe \u00e0 l\u2019ext\u00e9rieur et \u00e0 l\u2019int\u00e9rieur;<br \/>\n&#8211; Ouverture sur le c\u00f4t\u00e9 pour faciliter le passage et la connexion des c\u00e2blages;<br \/>\n&#8211; Fait \u00e0 base d\u2019acier et d\u2019une peinture en poudre par proc\u00e9d\u00e9 \u00e9lectrostatique;<br \/>\n&#8211; Garantie 1 an sur les d\u00e9fauts de fabrication;<br \/>\n&#8211; Permets l\u2019installation de 2 bornes;<br \/>\n&#8211; Entr\u00e9e des c\u00e2bles par le dessous ou par le c\u00f4t\u00e9 de la base;<br \/>\n&#8211; Inclus un couvert de finition pour cacher l\u2019entr\u00e9e de la canalisation \u00e9lectrique et les boulons de fixation de la base.<\/p>\n<p>DESCRIPTION SP\u00c9CIFICATIONS<br \/>\nBase Acier Inoxydable, \u00e9paisseur 1\/4&Prime;<br \/>\nPiedestal Acier Inoxydable, \u00e9paisseur 1\/8&Prime;<br \/>\nPeinture Noir, powder coat heavy duty<br \/>\nDimensions * (H\u00a0\u00bb x L\u00a0\u00bb x P\u00a0\u00bb) 54.25&Prime; x 4.0&Prime; x 4.0&Prime;<br \/>\nCouvert de finition 12.0&Prime;<br \/>\n* approximatif, peut changer sans pr\u00e9avis.<\/p>","protected":false},"featured_media":1473,"template":"","meta":{"_acf_changed":false},"product_brand":[],"product_cat":[31,32],"product_tag":[],"class_list":{"0":"post-3540","1":"product","2":"type-product","3":"status-publish","4":"has-post-thumbnail","6":"product_cat-accessoires","7":"product_cat-piedestal","9":"first","10":"onbackorder","11":"taxable","12":"shipping-taxable","13":"product-type-simple"},"acf":[],"_links":{"self":[{"href":"https:\/\/procher-beqtechnology.adgmarketing.com\/en\/wp-json\/wp\/v2\/product\/3540","targetHints":{"allow":["GET"]}}],"collection":[{"href":"https:\/\/procher-beqtechnology.adgmarketing.com\/en\/wp-json\/wp\/v2\/product"}],"about":[{"href":"https:\/\/procher-beqtechnology.adgmarketing.com\/en\/wp-json\/wp\/v2\/types\/product"}],"wp:featuredmedia":[{"embeddable":true,"href":"https:\/\/procher-beqtechnology.adgmarketing.com\/en\/wp-json\/wp\/v2\/media\/1473"}],"wp:attachment":[{"href":"https:\/\/procher-beqtechnology.adgmarketing.com\/en\/wp-json\/wp\/v2\/media?parent=3540"}],"wp:term":[{"taxonomy":"product_brand","embeddable":true,"href":"https:\/\/procher-beqtechnology.adgmarketing.com\/en\/wp-json\/wp\/v2\/product_brand?post=3540"},{"taxonomy":"product_cat","embeddable":true,"href":"https:\/\/procher-beqtechnology.adgmarketing.com\/en\/wp-json\/wp\/v2\/product_cat?post=3540"},{"taxonomy":"product_tag","embeddable":true,"href":"https:\/\/procher-beqtechnology.adgmarketing.com\/en\/wp-json\/wp\/v2\/product_tag?post=3540"}],"curies":[{"name":"wp","href":"https:\/\/api.w.org\/{rel}","templated":true}]}}