{"id":3539,"date":"2021-04-23T18:46:05","date_gmt":"2021-04-23T22:46:05","guid":{"rendered":"https:\/\/beq-technology.adgmarketing.com\/?post_type=product&#038;p=3539"},"modified":"2021-05-06T10:25:06","modified_gmt":"2021-05-06T14:25:06","slug":"borne-de-recharge-grizzl-e-avec-prise-nema-14-50p","status":"publish","type":"product","link":"https:\/\/procher-beqtechnology.adgmarketing.com\/en\/produit\/borne-de-recharge-grizzl-e-avec-prise-nema-14-50p\/","title":{"rendered":"Borne de recharge Grizzl-E (avec prise NEMA 14-50P)"},"content":{"rendered":"<p><span lang=\"fr\">Grizzl-E est une station de recharge de v\u00e9hicule \u00e9lectrique simple, puissante, robuste et portable fabriqu\u00e9e au Canada, con\u00e7ue pour durer et soutenir les \u00e9l\u00e9ments. Grizzl-E fournit jusqu&rsquo;\u00e0 10 KW de puissance \u00e0 votre v\u00e9hicule et poss\u00e8de des interrupteurs physiques \u00e0 l&rsquo;int\u00e9rieur pour r\u00e9gler 16 amp\u00e8res, 24 amp\u00e8res, 32 amp\u00e8res ou 40 amp\u00e8res de courant maximum r\u00e9glable. . Grizzl-e est disponible avec un c\u00e2ble de sortie premium qui reste flexible par temps froid*. La conception interne et les composants du chargeur ont \u00e9t\u00e9 s\u00e9lectionn\u00e9s pour assurer une dur\u00e9e de vie op\u00e9rationnelle maximale de l&rsquo;appareil et \u00eatre en mesure de maintenir les \u00e9l\u00e9ments.<\/span><\/p>\n<p>R\u00e9ceptacle \u00e0 pistolet EASYplug inclus<\/p>\n<p>*N.B. Bornes \u00c9lectriques Qu\u00e9bec <strong>ne recommande pas son installation \u00e0 l&rsquo;ext\u00e9rieur<\/strong>.\u00a0 Malgr\u00e9 les pr\u00e9tentions du fabriquant, par temps froids, son c\u00e2ble de recharge est le plus rigide de tous nos produits.<\/p>","protected":false},"excerpt":{"rendered":"<p><strong>Borne de recharge portable pour v\u00e9hicule \u00e9lectrique de 208-240 V d&rsquo;une puissance de\u00a04 \u00e0\u00a010 kWatts.<\/strong><\/p>\n<p><strong>Boitier \u00c9TANCHE (NEMA 4X) de type industriel en Aluminium.\u00a0<\/strong><\/p>\n<p><strong>Longueur totale du c\u00e2ble (incluant le pistolet J1172): 7,6 m (25 pieds) ou 5.48m (18 pieds).<\/strong><\/p>\n<p><strong>Connecteur NEMA 14\/50.<\/strong><\/p>\n<p><strong>Longueur totale de la fiche NEMA: 48 cm (19 pouces).<\/strong><\/p>\n<p><strong>COURANT AJUSTABLE \u00e0 l&rsquo;aide d&rsquo;un commutateur DIP: 16A, 24A, 32A ou 40A<\/strong><\/p>\n<p><strong>R\u00e9ceptacle \u00e0 pistolet EASYplug inclus<\/strong><\/p>\n<p><strong>Garantie limit\u00e9e de 3 ans.<\/strong><\/p>\n<p>N.B. Bornes \u00c9lectriques Qu\u00e9bec <strong>ne recommande pas son installation \u00e0 l&rsquo;ext\u00e9rieur<\/strong>.\u00a0 Malgr\u00e9 les pr\u00e9tentions du fabriquant, par temps froids, son c\u00e2ble de recharge est le plus rigide de tous nos produits.<\/p>","protected":false},"featured_media":1469,"template":"","meta":{"_acf_changed":false},"product_brand":[],"product_cat":[33],"product_tag":[],"class_list":{"0":"post-3539","1":"product","2":"type-product","3":"status-publish","4":"has-post-thumbnail","6":"product_cat-bornes-de-recharges","8":"first","9":"outofstock","10":"taxable","11":"shipping-taxable","12":"purchasable","13":"product-type-variable"},"acf":[],"_links":{"self":[{"href":"https:\/\/procher-beqtechnology.adgmarketing.com\/en\/wp-json\/wp\/v2\/product\/3539","targetHints":{"allow":["GET"]}}],"collection":[{"href":"https:\/\/procher-beqtechnology.adgmarketing.com\/en\/wp-json\/wp\/v2\/product"}],"about":[{"href":"https:\/\/procher-beqtechnology.adgmarketing.com\/en\/wp-json\/wp\/v2\/types\/product"}],"wp:featuredmedia":[{"embeddable":true,"href":"https:\/\/procher-beqtechnology.adgmarketing.com\/en\/wp-json\/wp\/v2\/media\/1469"}],"wp:attachment":[{"href":"https:\/\/procher-beqtechnology.adgmarketing.com\/en\/wp-json\/wp\/v2\/media?parent=3539"}],"wp:term":[{"taxonomy":"product_brand","embeddable":true,"href":"https:\/\/procher-beqtechnology.adgmarketing.com\/en\/wp-json\/wp\/v2\/product_brand?post=3539"},{"taxonomy":"product_cat","embeddable":true,"href":"https:\/\/procher-beqtechnology.adgmarketing.com\/en\/wp-json\/wp\/v2\/product_cat?post=3539"},{"taxonomy":"product_tag","embeddable":true,"href":"https:\/\/procher-beqtechnology.adgmarketing.com\/en\/wp-json\/wp\/v2\/product_tag?post=3539"}],"curies":[{"name":"wp","href":"https:\/\/api.w.org\/{rel}","templated":true}]}}