{"id":3533,"date":"2021-04-23T18:46:03","date_gmt":"2021-04-23T22:46:03","guid":{"rendered":"https:\/\/beq-technology.adgmarketing.com\/?post_type=product&#038;p=3533"},"modified":"2026-04-16T15:08:23","modified_gmt":"2026-04-16T19:08:23","slug":"velo-fat-bike-electrique-rich-bit","status":"publish","type":"product","link":"https:\/\/procher-beqtechnology.adgmarketing.com\/en\/produit\/velo-fat-bike-electrique-rich-bit\/","title":{"rendered":"V\u00e9lo Fat Bike \u00e9lectrique Rich Bit"},"content":{"rendered":"<h2><strong>V\u00e9lo Fat Bike \u00e9lectrique Rich Bit : Le meilleur des v\u00e9los \u00e9lectriques<\/strong><\/h2>\n<p><strong>\ud83d\udfe9 LIVRABLE FIN AVRIL 2021 \ud83d\udfe9<\/strong><\/p>\n<p>Avec une autonomie de plus de 80 km \u00e0 90 km par charge, un design unique et une puissance agr\u00e9able, vous n&rsquo;avez plus aucune raison de ne pas vous int\u00e9resser aux v\u00e9los \u00e9lectriques.<br \/>\nLE FAT BIKE 500 WATTS <b>LIVRAISON PARTOUT AU CANADA<\/b><\/p>\n<p>Les v\u00e9los \u00ab Fat Bikes \u00bb \u00e9lectriques sont tr\u00e8s \u00e0 la mode avec une forte croissance. Ils sont principalement destin\u00e9s \u00e0 rouler sur des surfaces molles et instables telles que le sable, le gravier ou la neige et de plus en plus pour se rendre au travail.<\/p>\n<p>Ses gros pneus surdimensionn\u00e9s servent \u00e0 augmenter la surface de contact entre le v\u00e9lo et le terrain, Et oui, le fat bike peut \u00eatre utilis\u00e9 4 saisons par ann\u00e9e.<\/p>\n<h3><strong>Couleurs disponibles :<br \/>\n<\/strong><\/h3>\n<p>Le Fat Bike \u00e9lectrique Rich Bit est disponible en jaune, vert, bleu et orange.<\/p>\n<p>&nbsp;<\/p>\n<h3><strong>Points forts du Fat Bike \u00e9lectrique Rich Bit :<\/strong><\/h3>\n<p>Moteur en aluminium 500 watts sans brosse<\/p>\n<p>Autonomie de 80 \u00e0 90 km<\/p>\n<p>Batterie 48 volts, 17AH, 816 Watts (la plus puissante sur le march\u00e9)<\/p>\n<p>Dur\u00e9e de vie de la batterie: de 1 000 \u00e0 1 500 recharges (batterie de rechange : 500 $)<\/p>\n<p>Fabriqu\u00e9 en aluminium haute densit\u00e9<\/p>\n<p>Poids de 29 kg\/63.8 lbs<\/p>\n<p>Guidon et p\u00e9dalier en aluminium anodis\u00e9<\/p>\n<p>Suspension avant ajustable<\/p>\n<p>2 freins \u00e0 disques avec c\u00e2bles<\/p>\n<p>Dimension des pneus : 26 po x 4 po<\/p>\n<p>7 niveaux de puissance<\/p>\n<p>Moteur en aluminium sans brosse<\/p>\n<p>Lumi\u00e8re avant led et klaxon<\/p>\n<p>Support pour cellulaire avec c\u00e2ble et prise USB<\/p>\n<p>D\u00e9railleurs Shimano 21 vitesses<\/p>\n<p>B\u00e9quille<\/p>\n<p>Poign\u00e9e confortable<\/p>\n<p>Hauteur minimale de la selle : 32 pouces (\u00e0 partir du sol)<\/p>\n<p>Hauteur maximale de la selle : 41 pouces (\u00e0 partir du sol)<\/p>\n<p>Fabriqu\u00e9 selon les normes de transport Canada<\/p>\n<p>GARANTIE: 1 an sur le v\u00e9lo et 2 ans sur le cadre, fourche et roues.<\/p>\n<p>La r\u00e9glementation au Qu\u00e9bec permet aux v\u00e9los \u00e9lectriques d&rsquo;atteindre une limite de vitesse de 32km\/h. Nos v\u00e9los ont \u00e9t\u00e9 adapt\u00e9s pour respecter la loi.<\/p>\n<p><a id=\"video\"><\/a><br \/>\n<iframe src=\"https:\/\/player.vimeo.com\/video\/473542087\" width=\"640\" height=\"360\" frameborder=\"0\" allowfullscreen=\"allowfullscreen\"><\/iframe><\/p>\n<p>=====================<\/p>\n<p>Dimension totale* : (H x L x P) 213 cm x 5 cm x 5 cm (84 po x 2 po x 2 po)<\/p>\n<p><a href=\"https:\/\/beqtechnology.com\/wp-content\/uploads\/2022\/03\/systeme-cable-retractable-instructions.pdf\" target=\"_blank\" rel=\"noopener\">T\u00e9l\u00e9charger le guide d&rsquo;installation<\/a> (PDF ~1,2 mo)<\/p>\n<p><a href=\"https:\/\/beqtechnology.com\/wp-content\/uploads\/2022\/03\/fiche-technique-sys-cables-rappel-beq.pdf\" target=\"_blank\" rel=\"noopener\">T\u00e9l\u00e9charger la fiche du produit<\/a> (628 ko)<\/p>\n<p>* EN Approximativement, peut changer sans pr\u00e9avis.<\/p>\n<p><br \/>\n<\/p>","protected":false},"excerpt":{"rendered":"<p><strong>\ud83d\udfe9 LIVRABLE FIN AVRIL 2021 \ud83d\udfe9<\/strong><\/p>\n<p>Le meilleur des v\u00e9los \u00e9lectriques<\/p>\n<p>Avec une <strong>autonomie de plus de 80 km \u00e0 90 km par charge<\/strong>, un design unique et une puissance agr\u00e9able, vous n&rsquo;avez plus aucune raison de ne pas vous int\u00e9resser aux v\u00e9los \u00e9lectriques.<br \/>\nLE FAT BIKE 500 WATTS<\/p>","protected":false},"featured_media":1433,"template":"","meta":{"_acf_changed":false},"product_brand":[],"product_cat":[40],"product_tag":[],"class_list":{"0":"post-3533","1":"product","2":"type-product","3":"status-publish","4":"has-post-thumbnail","6":"product_cat-velos-electriques","7":"product_shipping_class-velo","9":"first","10":"outofstock","11":"taxable","12":"shipping-taxable","13":"purchasable","14":"product-type-variable"},"acf":[],"_links":{"self":[{"href":"https:\/\/procher-beqtechnology.adgmarketing.com\/en\/wp-json\/wp\/v2\/product\/3533","targetHints":{"allow":["GET"]}}],"collection":[{"href":"https:\/\/procher-beqtechnology.adgmarketing.com\/en\/wp-json\/wp\/v2\/product"}],"about":[{"href":"https:\/\/procher-beqtechnology.adgmarketing.com\/en\/wp-json\/wp\/v2\/types\/product"}],"wp:featuredmedia":[{"embeddable":true,"href":"https:\/\/procher-beqtechnology.adgmarketing.com\/en\/wp-json\/wp\/v2\/media\/1433"}],"wp:attachment":[{"href":"https:\/\/procher-beqtechnology.adgmarketing.com\/en\/wp-json\/wp\/v2\/media?parent=3533"}],"wp:term":[{"taxonomy":"product_brand","embeddable":true,"href":"https:\/\/procher-beqtechnology.adgmarketing.com\/en\/wp-json\/wp\/v2\/product_brand?post=3533"},{"taxonomy":"product_cat","embeddable":true,"href":"https:\/\/procher-beqtechnology.adgmarketing.com\/en\/wp-json\/wp\/v2\/product_cat?post=3533"},{"taxonomy":"product_tag","embeddable":true,"href":"https:\/\/procher-beqtechnology.adgmarketing.com\/en\/wp-json\/wp\/v2\/product_tag?post=3533"}],"curies":[{"name":"wp","href":"https:\/\/api.w.org\/{rel}","templated":true}]}}