{"id":3509,"date":"2021-04-23T18:45:30","date_gmt":"2021-04-23T22:45:30","guid":{"rendered":"https:\/\/beq-technology.adgmarketing.com\/?post_type=product&#038;p=3509"},"modified":"2021-05-06T10:54:59","modified_gmt":"2021-05-06T14:54:59","slug":"visiere-protectrice-de-casque","status":"publish","type":"product","link":"https:\/\/procher-beqtechnology.adgmarketing.com\/en\/produit\/visiere-protectrice-de-casque\/","title":{"rendered":"VISI\u00c8RE PROTECTRICE DE CASQUE"},"content":{"rendered":"<h1>VISI\u00c8RE PROTECTRICE DE CASQUE<\/h1>\n<h2>Visi\u00e8re de casque<\/h2>\n<h3>Fabriqu\u00e9e au Qu\u00e9bec<\/h3>\n<p>Pour une protection suppl\u00e9mentaire lorsque les 2m d&rsquo;\u00e9loignement sont difficiles&#8230;<\/p>\n<p>Hauteur de la visi\u00e8re: 10 3\/8 po (26,3 cm)<\/p>\n<h3>LIVRAISON 3-5 jours<\/h3>","protected":false},"excerpt":{"rendered":"<h2>Visi\u00e8re de casque<\/h2>\n<h3>Fabriqu\u00e9e au Qu\u00e9bec<\/h3>\n<ul>\n<li>L\u00e9g\u00e8re et confortable<\/li>\n<li>Visi\u00e8re d\u00e9tachable<\/li>\n<li>R\u00e9utilisable<\/li>\n<li>Support rigide<\/li>\n<li>Peut \u00eatre d\u00e9sinfect\u00e9e<\/li>\n<li>Ajustable et facile<\/li>\n<li>Protection compl\u00e8te du visage<\/li>\n<\/ul>\n<p>Hauteur de la visi\u00e8re: 10 3\/8 po (26,3 cm)<\/p>\n<h3>LIVRAISON 3-5 jours<\/h3>","protected":false},"featured_media":1392,"template":"","meta":{"_acf_changed":false},"product_brand":[],"product_cat":[39],"product_tag":[],"class_list":{"0":"post-3509","1":"product","2":"type-product","3":"status-publish","4":"has-post-thumbnail","6":"product_cat-produits-sanitaires","8":"first","9":"instock","10":"taxable","11":"shipping-taxable","12":"purchasable","13":"product-type-variable","14":"has-default-attributes"},"acf":[],"_links":{"self":[{"href":"https:\/\/procher-beqtechnology.adgmarketing.com\/en\/wp-json\/wp\/v2\/product\/3509","targetHints":{"allow":["GET"]}}],"collection":[{"href":"https:\/\/procher-beqtechnology.adgmarketing.com\/en\/wp-json\/wp\/v2\/product"}],"about":[{"href":"https:\/\/procher-beqtechnology.adgmarketing.com\/en\/wp-json\/wp\/v2\/types\/product"}],"wp:featuredmedia":[{"embeddable":true,"href":"https:\/\/procher-beqtechnology.adgmarketing.com\/en\/wp-json\/wp\/v2\/media\/1392"}],"wp:attachment":[{"href":"https:\/\/procher-beqtechnology.adgmarketing.com\/en\/wp-json\/wp\/v2\/media?parent=3509"}],"wp:term":[{"taxonomy":"product_brand","embeddable":true,"href":"https:\/\/procher-beqtechnology.adgmarketing.com\/en\/wp-json\/wp\/v2\/product_brand?post=3509"},{"taxonomy":"product_cat","embeddable":true,"href":"https:\/\/procher-beqtechnology.adgmarketing.com\/en\/wp-json\/wp\/v2\/product_cat?post=3509"},{"taxonomy":"product_tag","embeddable":true,"href":"https:\/\/procher-beqtechnology.adgmarketing.com\/en\/wp-json\/wp\/v2\/product_tag?post=3509"}],"curies":[{"name":"wp","href":"https:\/\/api.w.org\/{rel}","templated":true}]}}