{"id":3508,"date":"2021-04-23T18:45:30","date_gmt":"2021-04-23T22:45:30","guid":{"rendered":"https:\/\/beq-technology.adgmarketing.com\/?post_type=product&#038;p=3508"},"modified":"2026-04-16T13:08:23","modified_gmt":"2026-04-16T17:08:23","slug":"dr-thym-desinfectant-et-nettoyant-pour-surfaces-dures","status":"publish","type":"product","link":"https:\/\/procher-beqtechnology.adgmarketing.com\/en\/produit\/dr-thym-desinfectant-et-nettoyant-pour-surfaces-dures\/","title":{"rendered":"DR Thym - D\u00c9SINFECTANT ET NETTOYANT POUR SURFACES DURES"},"content":{"rendered":"<h1>D\u00c9SINFECTANT ET NETTOYANT POUR SURFACES DURES<\/h1>\n<h3>Caisse de 2x 4L<\/h3>\n<h2>PR\u00caT \u00c0 L\u2019EMPLOI<\/h2>\n<h3>Fabriqu\u00e9 au Qu\u00e9bec<\/h3>\n<p>Le DR Thym\u2122 est un m\u00e9lange actif \u00e0 base d\u2019huile essentielle sp\u00e9cialement s\u00e9lectionn\u00e9 pour obtenir une grande efficacit\u00e9 de d\u00e9sinfection. DR-Thym\u2122 est id\u00e9al pour d\u00e9sinfecter les surfaces dures non-poreuses (surfaces \u00e9maill\u00e9es, bois, m\u00e9tal, ciment, plastique, PVC, miroir, vitre) telles que les surfaces de travail, planchers, comptoirs, \u00e9viers, armoires, douches, planches \u00e0 d\u00e9couper, si\u00e8ges de toilette, poubelles, poign\u00e9es de portes, tables, jouets, t\u00e9l\u00e9phones, \u00e9quipement sportifs, tables d\u2019examination, chaises de patients, bureaux ou toutes autres surfaces sur lesquelles bact\u00e9ries, champignons et virus peuvent survivre ou se multiplier. POUR USAGE PROFESSIONNEL SEULEMENT.<\/p>\n<h3>Mode d\u2019emploi<\/h3>\n<p>UTILISATION G\u00c9N\u00c9RALE \u2013 TOUT TYPES DE SURFACES DURES : D\u00e9sinfectant : Vaporiser ou appliquer avec un linge propre de fa\u00e7on \u00e0 saturer les surfaces** et laisser en contact avec la surface \u00e0 d\u00e9sinfecter pendant 3 minutes***.<br \/>\nAssainissant : Vaporiser ou appliquer avec un linge propre de fa\u00e7on \u00e0 saturer les surfaces**, laisser en contact avec la surface \u00e0 assainir pendant 30 secondes***.<br \/>\nEn cas d\u2019accumulation de salet\u00e9 sur les surfaces, celles-ci doivent \u00eatre nettoy\u00e9es avant la d\u00e9sinfection ou l\u2019assainissement. \u00c9viter la contamination des aliments. Pour les surfaces et\/ou les objets qui peuvent entrer en contact direct avec des enfants en \u00e2ge d\u2019exploration buccale, un rin\u00e7age \u00e0 l\u2019eau potable est recommand\u00e9.<\/p>\n<h3>D\u00e9sinfection<\/h3>\n<p>\u00c9LIMINE 99,99% DES MICROBES SUIVANTS :<br \/>\nBact\u00e9ricide : Pseudomonas aeruginosa, Salmonella enterica (choleraesuis), Staphylococcus aureus, Escherichia coli (E. coli), E. coli O157 :H7, Staphylococcus aureus r\u00e9sistant \u00e0 la m\u00e9thicilline (SARM), Enterococcus r\u00e9sistant \u00e0 la vancomycine (ERV), Listeria monocytogenes, Streptococcus suis, Klebsiella pneumoniae \u2013 NDM-1 Tuberculocide\/Mycobact\u00e9ricide : Mycobacterium terrae. Fongicide : Champignons pathog\u00e8nes, Trichophyton mentagrophytes, Candida albicans.<br \/>\n*Virucide : Influenza A, VIH-1 (Virus de l\u2019immunod\u00e9ficience humaine), Coronavirus Humain, VSRRP (Virus du syndrome reproducteur et respiratoire porcin).<\/p>\n<p><a href=\"https:\/\/borneselectriquesquebec.com\/wp-content\/uploads\/2020\/08\/beq-dr-thym-4l.pdf\">Fiche produit<\/a><\/p>\n<p><a href=\"https:\/\/borneselectriquesquebec.com\/wp-content\/uploads\/2020\/05\/drthym_16966_can_77320_4l_v6_noecologo.pdf\">\u00c9tiquette<\/a><\/p>\n<p><a href=\"https:\/\/borneselectriquesquebec.com\/wp-content\/uploads\/2020\/05\/drthym_ft_can.pdf\">Fiche technique<\/a><\/p>\n<p><a href=\"https:\/\/borneselectriquesquebec.com\/wp-content\/uploads\/2020\/05\/fds-sds_dr-thym.pdf\">Fiche de s\u00e9curit\u00e9<\/a><\/p>\n<p>&nbsp;<\/p>","protected":false},"excerpt":{"rendered":"<h3>Bouteille de 4L<\/h3>\n<h2>TUE 99,99 % DES BACT\u00c9RIES, CHAMPIGNONS ET VIRUS*<\/h2>\n<h3>Fabriqu\u00e9 au Qu\u00e9bec<\/h3>\n<p>\u2022 Tue 99,99% des bact\u00e9ries, champignons et virus*<br \/>\n\u2022 Efficacit\u00e9 \u00e9prouv\u00e9e<br \/>\n\u2022 100% biod\u00e9gradable<br \/>\n\u2022 Odeur agr\u00e9able de thym<br \/>\n\u2022 Nettoyant tout usage<br \/>\n\u2022 \u00c9limine les mauvaises odeurs et les micro-organismes causant les mauvaises odeurs<br \/>\n\u2022 Provenant de sources renouvelables \u00e0 plus de 98%<br \/>\n\u2022 Non-irritant et peu toxique<br \/>\n\u2022 Fait \u00e0 partir d\u2019\u00e9l\u00e9ments v\u00e9g\u00e9taux<br \/>\n\u2022 Sans chlore ou ammoniac<br \/>\n\u2022 Non-corrosif sur le m\u00e9tal<br \/>\n\u2022 Fragrance citronnelle et pamplemousse<\/p>\n<p>&#8211; Certification Ecologo en cours d\u2019accr\u00e9ditation<br \/>\n&#8211; ACIA en cours d\u2019accr\u00e9ditation<br \/>\n&#8211; DIN : 02498669<\/p>\n<h3><strong>Livraison 3 \u00e0 5 jours<\/strong><\/h3>","protected":false},"featured_media":1406,"template":"","meta":{"_acf_changed":false},"product_brand":[],"product_cat":[39],"product_tag":[],"class_list":{"0":"post-3508","1":"product","2":"type-product","3":"status-publish","4":"has-post-thumbnail","6":"product_cat-produits-sanitaires","8":"first","9":"outofstock","10":"taxable","11":"shipping-taxable","12":"purchasable","13":"product-type-variable","14":"has-default-attributes"},"acf":[],"_links":{"self":[{"href":"https:\/\/procher-beqtechnology.adgmarketing.com\/en\/wp-json\/wp\/v2\/product\/3508","targetHints":{"allow":["GET"]}}],"collection":[{"href":"https:\/\/procher-beqtechnology.adgmarketing.com\/en\/wp-json\/wp\/v2\/product"}],"about":[{"href":"https:\/\/procher-beqtechnology.adgmarketing.com\/en\/wp-json\/wp\/v2\/types\/product"}],"wp:featuredmedia":[{"embeddable":true,"href":"https:\/\/procher-beqtechnology.adgmarketing.com\/en\/wp-json\/wp\/v2\/media\/1406"}],"wp:attachment":[{"href":"https:\/\/procher-beqtechnology.adgmarketing.com\/en\/wp-json\/wp\/v2\/media?parent=3508"}],"wp:term":[{"taxonomy":"product_brand","embeddable":true,"href":"https:\/\/procher-beqtechnology.adgmarketing.com\/en\/wp-json\/wp\/v2\/product_brand?post=3508"},{"taxonomy":"product_cat","embeddable":true,"href":"https:\/\/procher-beqtechnology.adgmarketing.com\/en\/wp-json\/wp\/v2\/product_cat?post=3508"},{"taxonomy":"product_tag","embeddable":true,"href":"https:\/\/procher-beqtechnology.adgmarketing.com\/en\/wp-json\/wp\/v2\/product_tag?post=3508"}],"curies":[{"name":"wp","href":"https:\/\/api.w.org\/{rel}","templated":true}]}}