{"id":3494,"date":"2021-04-23T18:45:04","date_gmt":"2021-04-23T22:45:04","guid":{"rendered":"https:\/\/beq-technology.adgmarketing.com\/?post_type=product&#038;p=3494"},"modified":"2021-05-06T09:41:01","modified_gmt":"2021-05-06T13:41:01","slug":"bioss-desinfectant-instantane-pour-les-mains-500-ml","status":"publish","type":"product","link":"https:\/\/procher-beqtechnology.adgmarketing.com\/en\/produit\/bioss-desinfectant-instantane-pour-les-mains-500-ml\/","title":{"rendered":"BiOSS D\u00e9sinfectant instantan\u00e9 pour les mains 500 ml"},"content":{"rendered":"<h1 class=\"product_title entry-title\">D\u00e9sinfectant instantan\u00e9 pour les mains BIOSS<strong> 500 ml &#8211; Parfum de citron<\/strong><\/h1>\n<p>Nettoyant antiseptique pour la peau <strong>fabriqu\u00e9 au Qu\u00e9bec<\/strong><\/p>\n<p><strong>Pour toute demande de volume renouvelable, nous contacter : 1 844 427-7800, poste 307 M. \u00c9rick Talbot, mobile : 418 572-2114.<\/strong><\/p>\n<p style=\"text-align: left;\">Nettoyant antiseptique pour la peau fabriqu\u00e9 au Qu\u00e9bec<\/p>\n<ul>\n<li><strong>USAGES<\/strong> : Efficace pour d\u00e9truire des bact\u00e9ries (nocives) afin de procurer un nettoyage antiseptique. Pour l&rsquo;hygi\u00e8ne personnelle des mains afin de pr\u00e9venir la propagation de bact\u00e9ries.<\/li>\n<li><strong>MISES EN GARDE<\/strong> : Pour usage externe uniquement. Inflammable. Tenir loin des flammes et sources de chaleur.Lorsque vous utilisez ce produit \u00e9vitez tout contact avec les yeux. Le cas \u00e9ch\u00e9ant, bien rincer avec de l&rsquo;eau. Cessez d\u2019utiliser et consultez un professionnel de la sant\u00e9 si une irritation se d\u00e9veloppe. Garder hors de la port\u00e9e des enfants. Ne pas utiliser sur les enfants\/nourrissons de moins de 2 ans (sauf sur l&rsquo;avis d&rsquo;un m\u00e9decin).<\/li>\n<li><strong>PREMIERS SOINS :<\/strong> EN CAS D\u2019INHALATION : d\u00e9placer \u00e0 l\u2019air frais. Si les sympt\u00f4mes persistent, appelez un m\u00e9decin. EN CAS D\u2019INGESTION : NE PAS faire vomir. Rincer la bouche avec de l\u2019eau. Obtenez des soins m\u00e9dicaux. EN CAS DE CONTACT AVEC LA PEAU : Laver \u00e0 l\u2019eau et au savon par pr\u00e9caution. Obtenez des soins m\u00e9dicaux si l\u2019irritation se d\u00e9veloppe et persiste. EN CAS DE CONTACT AVEC LES YEUX : rincer imm\u00e9diatement les yeux \u00e0 grande eau pendant au moins 15 minutes. Si c\u2019est possible, retirez les lentilles de contact. Consultez un m\u00e9decin. Lorsque les sympt\u00f4mes persistent ou en cas de doute, consultez un m\u00e9decin.<\/li>\n<li><strong>MODE D\u2019EMPLOI<\/strong> : Pour une utilisation occasionnelle pour usage domestique personnel. Bien frotter pendant au moins 30 secondes. Laisser s\u00e9cher.<\/li>\n<li><strong>AUTRES RENSEIGNEMENTS<\/strong> : Conserver \u00e0 20\u00b0C dans un endroit frais.<\/li>\n<li><strong>INGR\u00c9DIENTS INACTIFS<\/strong>: Acrylates\/c10-30, Crosspolymer acrylate d&rsquo;alkyle, tri\u00e9thanolamine, extrait de fruit d&rsquo;agrumes Aurantium Bergamia (bergamote), huile de citron<\/li>\n<li><strong>QUESTIONS SANT\u00c9 ?:<\/strong> 1 866 795-8481<\/li>\n<\/ul>\n<p><a href=\"https:\/\/borneselectriquesquebec.com\/wp-content\/uploads\/2020\/07\/bioss_fichesecurite_desinfectantmains_citron_mod.pdf\" target=\"_blank\" rel=\"noopener\">Consulter la fiche technique compl\u00e8te.<\/a><\/p>\n<p>Ingr\u00e9dients naturels<br \/>\nNon test\u00e9 sur les animaux<br \/>\n<a href=\"https:\/\/borneselectriquesquebec.com\/wp-content\/uploads\/2020\/08\/bios-food-grade.pdf\">Food Grade<\/a><\/p>\n<div style=\"width: 1440px;\" class=\"wp-video\"><!--[if lt IE 9]><script>document.createElement('video');<\/script><![endif]-->\n<video class=\"wp-video-shortcode\" id=\"video-3494-1\" width=\"1440\" height=\"1440\" preload=\"metadata\" controls=\"controls\"><source type=\"video\/mp4\" src=\"https:\/\/borneselectriquesquebec.com\/wp-content\/uploads\/2020\/04\/bioss-2sec.mp4?_=1\" \/><a href=\"https:\/\/borneselectriquesquebec.com\/wp-content\/uploads\/2020\/04\/bioss-2sec.mp4\">https:\/\/borneselectriquesquebec.com\/wp-content\/uploads\/2020\/04\/bioss-2sec.mp4<\/a><\/video><\/div>","protected":false},"excerpt":{"rendered":"<p>Nettoyant antiseptique pour la peau <strong>fabriqu\u00e9 au Qu\u00e9bec<\/strong><\/p>\n<ul>\n<li>D\u00e9sinfectant organique biod\u00e9gradable instantan\u00e9 pour les mains<\/li>\n<li>Format : 500 ml<\/li>\n<li>Parfum de citron<\/li>\n<li>Fait d\u2019ingr\u00e9dients naturels<\/li>\n<li>D\u00e9truit les bact\u00e9ries lors du nettoyage des mains<\/li>\n<li>Ingr\u00e9dient actif Utilit\u00e9 Alcool \u00e9thylique 75 %.<\/li>\n<li><strong>Rabais au volume<\/strong><\/li>\n<li>Unit\u00e9s \/ bo\u00eete : 24<\/li>\n<li>Bo\u00eetes par palette : 42<\/li>\n<li>\u00c9galit\u00e9 et niveau : 6 bo\u00eetes par rang\u00e9e et 7 rang\u00e9es par palette<\/li>\n<\/ul>\n<p><strong>Pour toute demande de volume renouvelable, nous contacter : 1 844 427-7800, poste 307 M. \u00c9rick Talbot, mobile : (418) 572-2114.<\/strong><\/p>","protected":false},"featured_media":1349,"template":"","meta":{"_acf_changed":false},"product_brand":[],"product_cat":[39],"product_tag":[],"class_list":{"0":"post-3494","1":"product","2":"type-product","3":"status-publish","4":"has-post-thumbnail","6":"product_cat-produits-sanitaires","8":"first","9":"instock","10":"taxable","11":"shipping-taxable","12":"purchasable","13":"product-type-variable","14":"has-default-attributes"},"acf":[],"_links":{"self":[{"href":"https:\/\/procher-beqtechnology.adgmarketing.com\/en\/wp-json\/wp\/v2\/product\/3494","targetHints":{"allow":["GET"]}}],"collection":[{"href":"https:\/\/procher-beqtechnology.adgmarketing.com\/en\/wp-json\/wp\/v2\/product"}],"about":[{"href":"https:\/\/procher-beqtechnology.adgmarketing.com\/en\/wp-json\/wp\/v2\/types\/product"}],"wp:featuredmedia":[{"embeddable":true,"href":"https:\/\/procher-beqtechnology.adgmarketing.com\/en\/wp-json\/wp\/v2\/media\/1349"}],"wp:attachment":[{"href":"https:\/\/procher-beqtechnology.adgmarketing.com\/en\/wp-json\/wp\/v2\/media?parent=3494"}],"wp:term":[{"taxonomy":"product_brand","embeddable":true,"href":"https:\/\/procher-beqtechnology.adgmarketing.com\/en\/wp-json\/wp\/v2\/product_brand?post=3494"},{"taxonomy":"product_cat","embeddable":true,"href":"https:\/\/procher-beqtechnology.adgmarketing.com\/en\/wp-json\/wp\/v2\/product_cat?post=3494"},{"taxonomy":"product_tag","embeddable":true,"href":"https:\/\/procher-beqtechnology.adgmarketing.com\/en\/wp-json\/wp\/v2\/product_tag?post=3494"}],"curies":[{"name":"wp","href":"https:\/\/api.w.org\/{rel}","templated":true}]}}