{"id":3462,"date":"2021-04-23T18:44:29","date_gmt":"2021-04-23T22:44:29","guid":{"rendered":"https:\/\/beq-technology.adgmarketing.com\/?post_type=product&#038;p=3462"},"modified":"2021-05-06T08:26:10","modified_gmt":"2021-05-06T12:26:10","slug":"evccs-capteur-de-courant-intelligent-evdutycondo","status":"publish","type":"product","link":"https:\/\/procher-beqtechnology.adgmarketing.com\/en\/produit\/evccs-capteur-de-courant-intelligent-evdutycondo\/","title":{"rendered":"EVCCS Capteur de courant intelligent EVduty(condo)"},"content":{"rendered":"<div>Le capteur de courant intelligent EVduty lit la consommation de courant en temps r\u00e9el et\u00a0 envoie l\u2019information \u00e0 une ou plusieurs bornes de recharge EVduty intelligentes connect\u00e9es \u00e9lectriquement au m\u00eame panneau. L\u00e0 o\u00f9 les bornes peuvent alors ajuster le courant de recharge.<\/div>\n<div><\/div>\n<div><strong>Fonctions<\/strong><\/div>\n<div>\n<ul>\n<li>Lecture de courant en temps r\u00e9el.<\/li>\n<li>Communication WiFi et Ethernet.<\/li>\n<li>Configuration par page web.<\/li>\n<li>Syst\u00e8me de diagnostic en temps r\u00e9el.<\/li>\n<li>Utilisation avec une ou plusieurs bornes EVduty intelligentes sur un m\u00eame panneau.<\/li>\n<\/ul>\n<p><strong>Sp\u00e9cifications\u00a0<\/strong><\/p>\n<\/div>\n<ul>\n<li>MOD\u00c8LE :\u00a0EVCCS<\/li>\n<li>100-240VAC | 50\/60Hz<\/li>\n<li>Capteurs de courant :<br \/>\nTransformateur de type \u00abclamp-on\u00bb<br \/>\nDiam\u00e8tre d&rsquo;ouverture : 24.2mm (0.95\u2019\u2019)<br \/>\nDimensions : 69.6mm x 43.5mm (2.74\u2019\u2019\u00a0x 1.71\u2019\u2019)<\/li>\n<li>Plage de lecture de courant : 0 &#8211; 200 A<\/li>\n<li>Temp\u00e9rature d&rsquo;op\u00e9ration : &#8211; 15\u00b0C \u00e0 40\u00b0C<\/li>\n<li>Dimensions : 108mm x 852mm x 31.8mm (4.25\u2019\u2019 x 3.354\u2019\u2019 x 1.25\u2019\u2019)<\/li>\n<li>Fabriqu\u00e9e par Elmec Inc. \u00e0 Shawinigan, Qu\u00e9bec, Canada<\/li>\n<\/ul>","protected":false},"excerpt":{"rendered":"<div>\n<p><strong>Sp\u00e9cifications\u00a0<\/strong><\/p>\n<\/div>\n<ul>\n<li>MOD\u00c8LE :\u00a0EVCCS<\/li>\n<li>100-240VAC | 50\/60Hz<\/li>\n<li>Capteurs de courant :<br \/>\nTransformateur de type \u00abclamp-on\u00bb<br \/>\nDiam\u00e8tre d&rsquo;ouverture : 24.2mm (0.95\u2019\u2019)<br \/>\nDimensions : 69.6mm x 43.5mm (2.74\u2019\u2019\u00a0x 1.71\u2019\u2019)<\/li>\n<li>Plage de lecture de courant : 0 &#8211; 200 A<\/li>\n<li>Temp\u00e9rature d&rsquo;op\u00e9ration : &#8211; 15\u00b0C \u00e0 40\u00b0C<\/li>\n<li>Dimensions : 108mm x 852mm x 31.8mm (4.25\u2019\u2019 x 3.354\u2019\u2019 x 1.25\u2019\u2019)<\/li>\n<li>Fabriqu\u00e9e par Elmec Inc. \u00e0 Shawinigan, Qu\u00e9bec, Canada<\/li>\n<\/ul>","protected":false},"featured_media":1294,"template":"","meta":{"_acf_changed":false},"product_brand":[],"product_cat":[31,41],"product_tag":[],"class_list":{"0":"post-3462","1":"product","2":"type-product","3":"status-publish","4":"has-post-thumbnail","6":"product_cat-accessoires","7":"product_cat-gestion-courant","8":"product_shipping_class-borne","10":"first","11":"instock","12":"taxable","13":"shipping-taxable","14":"purchasable","15":"product-type-simple"},"acf":[],"_links":{"self":[{"href":"https:\/\/procher-beqtechnology.adgmarketing.com\/en\/wp-json\/wp\/v2\/product\/3462","targetHints":{"allow":["GET"]}}],"collection":[{"href":"https:\/\/procher-beqtechnology.adgmarketing.com\/en\/wp-json\/wp\/v2\/product"}],"about":[{"href":"https:\/\/procher-beqtechnology.adgmarketing.com\/en\/wp-json\/wp\/v2\/types\/product"}],"wp:featuredmedia":[{"embeddable":true,"href":"https:\/\/procher-beqtechnology.adgmarketing.com\/en\/wp-json\/wp\/v2\/media\/1294"}],"wp:attachment":[{"href":"https:\/\/procher-beqtechnology.adgmarketing.com\/en\/wp-json\/wp\/v2\/media?parent=3462"}],"wp:term":[{"taxonomy":"product_brand","embeddable":true,"href":"https:\/\/procher-beqtechnology.adgmarketing.com\/en\/wp-json\/wp\/v2\/product_brand?post=3462"},{"taxonomy":"product_cat","embeddable":true,"href":"https:\/\/procher-beqtechnology.adgmarketing.com\/en\/wp-json\/wp\/v2\/product_cat?post=3462"},{"taxonomy":"product_tag","embeddable":true,"href":"https:\/\/procher-beqtechnology.adgmarketing.com\/en\/wp-json\/wp\/v2\/product_tag?post=3462"}],"curies":[{"name":"wp","href":"https:\/\/api.w.org\/{rel}","templated":true}]}}