{"id":3386,"date":"2021-04-23T18:42:35","date_gmt":"2021-04-23T22:42:35","guid":{"rendered":"https:\/\/beq-technology.adgmarketing.com\/?post_type=product&#038;p=3386"},"modified":"2026-04-16T15:01:12","modified_gmt":"2026-04-16T19:01:12","slug":"borne-de-recharge-chargepoint-flex-residentielle-50a-23-pieds-nema-14-50-cph50-l23-p","status":"publish","type":"product","link":"https:\/\/procher-beqtechnology.adgmarketing.com\/en\/produit\/borne-de-recharge-chargepoint-flex-residentielle-50a-23-pieds-nema-14-50-cph50-l23-p\/","title":{"rendered":"Borne de recharge Chargepoint FLEX r\u00e9sidentielle 50A 23 pieds + NEMA 14-50 (CPH50-L23-P)"},"content":{"rendered":"<h3>La toute nouvelle Home Flex<\/h3>\n<p>Plus rapide, plus flexible et tourn\u00e9e vers l&rsquo;avenir.<\/p>\n<ul class=\"plusList hidden-xs\">\n<li>Jusqu&rsquo;\u00e0 50 A et 60 km d&rsquo;autonomie par heure de charge (9 fois plus qu&rsquo;une prise murale)<\/li>\n<li>Fiche optionnelle incluse NEMA 14-50 (branchement direct sugg\u00e9r\u00e9)<\/li>\n<li>Homologu\u00e9e UL et certifi\u00e9e ENERGY STAR<\/li>\n<li>Garantie 3\u00a0ans et assistance t\u00e9l\u00e9phonique 24\u00a0h\/24, 7\u00a0j\/7<\/li>\n<li>\u00c9vitez les modifications de l&rsquo;installation \u00e9lectrique en d\u00e9finissant l&rsquo;amp\u00e9rage appropri\u00e9 pour votre maison et votre v\u00e9hicule<\/li>\n<li>Une recharge \u00e0 domicile \u00e0 l&rsquo;\u00e9preuve du temps\u00a0: choisissez l&rsquo;amp\u00e9rage adapt\u00e9 maintenant, avec la possibilit\u00e9 de recharger plus rapidement \u00e0 l&rsquo;avenir<\/li>\n<\/ul>\n<div class=\"\" data-block=\"true\" data-editor=\"ea8e5\" data-offset-key=\"6tur-0-0\"><\/div>\n<div class=\"\" data-block=\"true\" data-editor=\"ea8e5\" data-offset-key=\"ddufr-0-0\">\n<div class=\"public-DraftStyleDefault-block public-DraftStyleDefault-ltr\" data-offset-key=\"ddufr-0-0\">La <a href=\"https:\/\/borneselectriquesquebec.com\/boutique\/chargepoint-cph25-l18-p\/\">borne Chargepoint de s\u00e9rie Home<\/a>\u00a0est la borne de niveau 2 la plus vendue au monde. Sa fonction primaire est de d\u00e9livrer la puissance \u00e9lectrique \u00e0 un v\u00e9hicule \u00e9quip\u00e9 d\u2019un port de recharge SAE J1772.<\/div>\n<\/div>\n<p>Cette borne vient avec une connectivit\u00e9 WIFI et une application mobile qui est vraiment tr\u00e8s pratique. Elle est en mesure de vous fournir des donn\u00e9es sur votre consommation d\u2019\u00e9nergie en temps r\u00e9el, que ce soit \u00e0 la maison ou sur les r\u00e9seaux disponibles. Il s\u2019agit de l\u2019application la plus compl\u00e8te offerte sur le march\u00e9.<\/p>\n<p>Son design unique et le fait qu\u2019elle soit petite et facile \u00e0 installer et \u00e0 utiliser sont tous des points attrayants aupr\u00e8s des acheteurs. Enfin, son c\u00e2ble flexible est offert en longueur de 23 pieds.<\/p>\n<p>Le magazine Prot\u00e9gez-vous l\u2019a class\u00e9e en deuxi\u00e8me position parmi les meilleurs choix en mati\u00e8re de bornes \u00e9lectriques de niveau 2, le tout avec un pointage d\u2019appr\u00e9ciation de 82%. La borne ChargePoint Home offre le meilleur rapport qualit\u00e9\/prix de sa cat\u00e9gorie, il n\u2019est donc pas \u00e9tonnant qu\u2019elle soit la plus vendue dans le monde.<\/p>\n<p><span data-offset-key=\"6tur-0-0\">\u2022 Pour une installation <\/span><span data-offset-key=\"6tur-0-1\">enfichable de 40 ou 50 A<\/span><span data-offset-key=\"6tur-0-2\">, c\u00e2blez le circuit avec la prise 6-50 ou 14-50 appropri\u00e9e. Installez la prise avec la masse orient\u00e9e vers le haut.<\/span><\/p>\n<div class=\"\" data-block=\"true\" data-editor=\"ea8e5\" data-offset-key=\"4etlc-0-0\">\n<div class=\"public-DraftStyleDefault-block public-DraftStyleDefault-ltr\" data-offset-key=\"4etlc-0-0\"><span data-offset-key=\"4etlc-0-0\">\u2022 Pour une installation <\/span><span data-offset-key=\"4etlc-0-1\">c\u00e2bl\u00e9e<\/span><span data-offset-key=\"4etlc-0-2\">, fournissez un conduit homologu\u00e9 avec <\/span>un c\u00e2blage dans le trou inf\u00e9rieur ou arri\u00e8re de 19 mm (3\/4 po) pour l\u2019entr\u00e9e CA. Scellez le trou inutilis\u00e9 avec le bouchon fourni. Remettez le c\u00e2ble d\u2019alimentation d\u2019origine dans la bo\u00eete.<\/div>\n<\/div>\n<div class=\"\" data-block=\"true\" data-editor=\"ea8e5\" data-offset-key=\"ko19-0-0\">\n<div class=\"public-DraftStyleDefault-block public-DraftStyleDefault-ltr\" data-offset-key=\"ko19-0-0\"><span data-offset-key=\"ko19-0-0\">\u00a0<\/span><\/div>\n<\/div>\n<div class=\"\" data-block=\"true\" data-editor=\"ea8e5\" data-offset-key=\"8nui8-0-0\">\n<div class=\"public-DraftStyleDefault-block public-DraftStyleDefault-ltr\" data-offset-key=\"8nui8-0-0\"><span data-offset-key=\"8nui8-0-0\">ATTENTION : La borne Home Flex est un dispositif de recharge <\/span><span data-offset-key=\"eb4s6-0-0\">continu. Le circuit <strong>doit \u00eatre calibr\u00e9 pour <\/strong><\/span><strong>125 %<\/strong><span data-offset-key=\"eb4s6-0-2\"> de la recharge<\/span><\/div>\n<\/div>\n<div class=\"\" data-block=\"true\" data-editor=\"ea8e5\" data-offset-key=\"a85t1-0-0\">\n<div class=\"public-DraftStyleDefault-block public-DraftStyleDefault-ltr\" data-offset-key=\"a85t1-0-0\"><span data-offset-key=\"a85t1-0-0\">maximale.<\/span><\/div>\n<\/div>\n<div class=\"\" data-block=\"true\" data-editor=\"ea8e5\" data-offset-key=\"860b1-0-0\">\n<div class=\"public-DraftStyleDefault-block public-DraftStyleDefault-ltr\" data-offset-key=\"860b1-0-0\"><span data-offset-key=\"860b1-0-0\">\u00a0<\/span><\/div>\n<\/div>\n<div class=\"\" data-block=\"true\" data-editor=\"ea8e5\" data-offset-key=\"aurrk-0-0\">\n<div class=\"public-DraftStyleDefault-block public-DraftStyleDefault-ltr\" data-offset-key=\"aurrk-0-0\"><strong>Intensit\u00e9\u00a0 \u00a0 \u00a0 \u00a0 \u00a0 \u00a0 \u00a0 \u00a0Recharge\u00a0 \u00a0 \u00a0 \u00a0 \u00a0 \u00a0 \u00a0 \u00a0 \u00a0 \u00a0 \u00a0 \u00a0 \u00a0Autonomie par heure\u00a0 \u00a0 \u00a0 \u00a0 \u00a0 Enfichable\u00a0 \u00a0 \u00a0 \u00a0 \u00a0 \u00a0C\u00e2bl\u00e9e<\/strong><\/div>\n<\/div>\n<div class=\"\" data-block=\"true\" data-editor=\"ea8e5\" data-offset-key=\"cu3ao-0-0\">\n<div class=\"public-DraftStyleDefault-block public-DraftStyleDefault-ltr\" data-offset-key=\"cu3ao-0-0\"><strong>du circuit\u00a0 \u00a0 \u00a0 \u00a0 \u00a0 \u00a0 \u00a0 maximale\u00a0 \u00a0 \u00a0 \u00a0 \u00a0 \u00a0 \u00a0 \u00a0 \u00a0 \u00a0 \u00a0 \u00a0 \u00a0 de charge estim\u00e9e<\/strong><\/div>\n<\/div>\n<div class=\"\" data-block=\"true\" data-editor=\"ea8e5\" data-offset-key=\"3babg-0-0\">\n<div class=\"public-DraftStyleDefault-block public-DraftStyleDefault-ltr\" data-offset-key=\"3babg-0-0\"><span data-offset-key=\"3babg-0-0\">80 A\u00a0 \u00a0 \u00a0 \u00a0 \u00a0 \u00a0 \u00a0 \u00a0 \u00a0 \u00a0 \u00a0 \u00a0 \u00a0 \u00a0 \u00a0 \u00a050 A\u00a0 \u00a0 \u00a0 \u00a0 \u00a0 \u00a0 \u00a0 \u00a0 \u00a0 \u00a0 \u00a0 \u00a0 \u00a0 \u00a0 \u00a0 \u00a0 \u00a0 \u00a0 \u00a0 \u00a0 37 mi\/60 km\u00a0 \u00a0 \u00a0 \u00a0 \u00a0 \u00a0 \u00a0 \u00a0 \u00a0 \u00a0 \u00a0 \u00a0 \u00a0 \u00a0 \u00a0 \u00a0 \u00a0non\u00a0 \u00a0 \u00a0 \u00a0 \u00a0 \u00a0 \u00a0 \u00a0 \u00a0 \u00a0 \u00a0 \u00a0oui<\/span><\/div>\n<\/div>\n<div class=\"\" data-block=\"true\" data-editor=\"ea8e5\" data-offset-key=\"1st0j-0-0\">\n<div class=\"public-DraftStyleDefault-block public-DraftStyleDefault-ltr\" data-offset-key=\"1st0j-0-0\"><span data-offset-key=\"1st0j-0-0\">70 A\u00a0 \u00a0 \u00a0 \u00a0 \u00a0 \u00a0 \u00a0 \u00a0 \u00a0 \u00a0 \u00a0 \u00a0 \u00a0 \u00a0 \u00a0 \u00a050 A\u00a0 \u00a0 \u00a0 \u00a0 \u00a0 \u00a0 \u00a0 \u00a0 \u00a0 \u00a0 \u00a0 \u00a0 \u00a0 \u00a0 \u00a0 \u00a0 \u00a0 \u00a0 \u00a0 \u00a0 37 mi\/60 km\u00a0 \u00a0 \u00a0 \u00a0 \u00a0 \u00a0 \u00a0 \u00a0 \u00a0 \u00a0 \u00a0 \u00a0 \u00a0 \u00a0 \u00a0 \u00a0 \u00a0non\u00a0 \u00a0 \u00a0 \u00a0 \u00a0 \u00a0 \u00a0 \u00a0 \u00a0 \u00a0 \u00a0 \u00a0 oui<\/span><\/div>\n<\/div>\n<div class=\"\" data-block=\"true\" data-editor=\"ea8e5\" data-offset-key=\"3s43s-0-0\">\n<div class=\"public-DraftStyleDefault-block public-DraftStyleDefault-ltr\" data-offset-key=\"3s43s-0-0\"><span data-offset-key=\"3s43s-0-0\">60 A\u00a0 \u00a0 \u00a0 \u00a0 \u00a0 \u00a0 \u00a0 \u00a0 \u00a0 \u00a0 \u00a0 \u00a0 \u00a0 \u00a0 \u00a0 \u00a048 A\u00a0 \u00a0 \u00a0 \u00a0 \u00a0 \u00a0 \u00a0 \u00a0 \u00a0 \u00a0 \u00a0 \u00a0 \u00a0 \u00a0 \u00a0 \u00a0 \u00a0 \u00a0 \u00a0 \u00a0 36 mi\/58 km\u00a0 \u00a0 \u00a0 \u00a0 \u00a0 \u00a0 \u00a0 \u00a0 \u00a0 \u00a0 \u00a0 \u00a0 \u00a0 \u00a0 \u00a0 \u00a0 \u00a0non\u00a0 \u00a0 \u00a0 \u00a0 \u00a0 \u00a0 \u00a0 \u00a0 \u00a0 \u00a0 \u00a0 \u00a0 oui<\/span><\/div>\n<\/div>\n<div class=\"\" data-block=\"true\" data-editor=\"ea8e5\" data-offset-key=\"dff0b-0-0\">\n<div class=\"public-DraftStyleDefault-block public-DraftStyleDefault-ltr\" data-offset-key=\"dff0b-0-0\"><span data-offset-key=\"dff0b-0-0\">50 A\u00a0 \u00a0 \u00a0 \u00a0 \u00a0 \u00a0 \u00a0 \u00a0 \u00a0 \u00a0 \u00a0 \u00a0 \u00a0 \u00a0 \u00a0 \u00a040 A\u00a0 \u00a0 \u00a0 \u00a0 \u00a0 \u00a0 \u00a0 \u00a0 \u00a0 \u00a0 \u00a0 \u00a0 \u00a0 \u00a0 \u00a0 \u00a0 \u00a0 \u00a0 \u00a0 \u00a0 30 mi\/48 km\u00a0 \u00a0 \u00a0 \u00a0 \u00a0 \u00a0 \u00a0 \u00a0 \u00a0 \u00a0 \u00a0 \u00a0 \u00a0 \u00a0 \u00a0 \u00a0 \u00a0oui\u00a0 \u00a0 \u00a0 \u00a0 \u00a0 \u00a0 \u00a0 \u00a0 \u00a0 \u00a0 \u00a0 \u00a0 \u00a0oui <\/span><\/div>\n<\/div>\n<div class=\"\" data-block=\"true\" data-editor=\"ea8e5\" data-offset-key=\"78pbl-0-0\">\n<div class=\"public-DraftStyleDefault-block public-DraftStyleDefault-ltr\" data-offset-key=\"78pbl-0-0\"><span data-offset-key=\"78pbl-0-0\">40 A\u00a0 \u00a0 \u00a0 \u00a0 \u00a0 \u00a0 \u00a0 \u00a0 \u00a0 \u00a0 \u00a0 \u00a0 \u00a0 \u00a0 \u00a0 \u00a032 A\u00a0 \u00a0 \u00a0 \u00a0 \u00a0 \u00a0 \u00a0 \u00a0 \u00a0 \u00a0 \u00a0 \u00a0 \u00a0 \u00a0 \u00a0 \u00a0 \u00a0 \u00a0 \u00a0 \u00a0 \u00a025 mi\/40 km\u00a0 \u00a0 \u00a0 \u00a0 \u00a0 \u00a0 \u00a0 \u00a0 \u00a0 \u00a0 \u00a0 \u00a0 \u00a0 \u00a0 \u00a0 \u00a0 non\u00a0 \u00a0 \u00a0 \u00a0 \u00a0 \u00a0 \u00a0 \u00a0 \u00a0 \u00a0 \u00a0 \u00a0 oui<\/span><\/div>\n<\/div>\n<div class=\"\" data-block=\"true\" data-editor=\"ea8e5\" data-offset-key=\"c274a-0-0\">\n<div class=\"public-DraftStyleDefault-block public-DraftStyleDefault-ltr\" data-offset-key=\"c274a-0-0\"><span data-offset-key=\"c274a-0-0\">30 A\u00a0 \u00a0 \u00a0 \u00a0 \u00a0 \u00a0 \u00a0 \u00a0 \u00a0 \u00a0 \u00a0 \u00a0 \u00a0 \u00a0 \u00a0 \u00a024 A\u00a0 \u00a0 \u00a0 \u00a0 \u00a0 \u00a0 \u00a0 \u00a0 \u00a0 \u00a0 \u00a0 \u00a0 \u00a0 \u00a0 \u00a0 \u00a0 \u00a0 \u00a0 \u00a0 \u00a0 \u00a018 mi\/29 km\u00a0 \u00a0 \u00a0 \u00a0 \u00a0 \u00a0 \u00a0 \u00a0 \u00a0 \u00a0 \u00a0 \u00a0 \u00a0 \u00a0 \u00a0 \u00a0 \u00a0non\u00a0 \u00a0 \u00a0 \u00a0 \u00a0 \u00a0 \u00a0 \u00a0 \u00a0 \u00a0 \u00a0 \u00a0 oui<\/span><\/div>\n<\/div>\n<div class=\"\" data-block=\"true\" data-editor=\"ea8e5\" data-offset-key=\"vm1r-0-0\">\n<div class=\"public-DraftStyleDefault-block public-DraftStyleDefault-ltr\" data-offset-key=\"vm1r-0-0\"><span data-offset-key=\"vm1r-0-0\">20 A\u00a0 \u00a0 \u00a0 \u00a0 \u00a0 \u00a0 \u00a0 \u00a0 \u00a0 \u00a0 \u00a0 \u00a0 \u00a0 \u00a0 \u00a0 \u00a016 A\u00a0 \u00a0 \u00a0 \u00a0 \u00a0 \u00a0 \u00a0 \u00a0 \u00a0 \u00a0 \u00a0 \u00a0 \u00a0 \u00a0 \u00a0 \u00a0 \u00a0 \u00a0 \u00a0 \u00a0 \u00a0 12 mi\/19 km\u00a0 \u00a0 \u00a0 \u00a0 \u00a0 \u00a0 \u00a0 \u00a0 \u00a0 \u00a0 \u00a0 \u00a0 \u00a0 \u00a0 \u00a0 \u00a0 \u00a0non\u00a0 \u00a0 \u00a0 \u00a0 \u00a0 \u00a0 \u00a0 \u00a0 \u00a0 \u00a0 \u00a0 \u00a0 oui<\/span><\/div>\n<\/div>\n<div class=\"\" data-block=\"true\" data-editor=\"ea8e5\" data-offset-key=\"ddufr-0-0\">\n<div class=\"public-DraftStyleDefault-block public-DraftStyleDefault-ltr\" data-offset-key=\"ddufr-0-0\"><span data-offset-key=\"ddufr-0-0\">Important : Au Canada, une installation enfichable n\u2019est autoris\u00e9e <\/span>que pour les circuits de 50 A.<\/div>\n<\/div>\n<p>[liste_fabricants]<\/p>","protected":false},"excerpt":{"rendered":"<ul>\n<li>Chargepoint CPH50-L23-p :<\/li>\n<li>MOD\u00c8LE : CPH50<\/li>\n<li>Type de fiche d\u2019alimentation : Fiche optionnelle incluse NEMA 14-50 (branchement direct sugg\u00e9r\u00e9)<\/li>\n<li>12kW (240V AC * 50A) ou 3.8kW (240V AC * 16A).<\/li>\n<li>Pour installation int\u00e9rieure ou ext\u00e9rieure -30 \u00e0 50\u00b0C<\/li>\n<li>C\u00e2ble : 7,01 m\u00e8tres (23 pieds)<\/li>\n<li>Support mural pour la borne et support pour le c\u00e2ble inclus dans le design<\/li>\n<li>Dimensions du bo\u00eetier :284 mm x 179mm x 132mm (11.2 x 7 x 5.2)<\/li>\n<li>Borne connect\u00e9e WIFI : oui<\/li>\n<li>Garantie limit\u00e9e : 3 ans sur les pi\u00e8ces<\/li>\n<li>Compatible avec tous les v\u00e9hicules rechargeables (100% \u00e9lectriques ou hybrides rechargeables) vendus en Am\u00e9rique du Nord (connecteur SAE J1772)<\/li>\n<li>Fabriqu\u00e9e par Chargepoint<\/li>\n<\/ul>","protected":false},"featured_media":1353,"template":"","meta":{"_acf_changed":false},"product_brand":[],"product_cat":[33],"product_tag":[],"class_list":{"0":"post-3386","1":"product","2":"type-product","3":"status-publish","4":"has-post-thumbnail","6":"product_cat-bornes-de-recharges","7":"product_shipping_class-borne","9":"first","10":"outofstock","11":"taxable","12":"shipping-taxable","13":"purchasable","14":"product-type-simple"},"acf":[],"_links":{"self":[{"href":"https:\/\/procher-beqtechnology.adgmarketing.com\/en\/wp-json\/wp\/v2\/product\/3386","targetHints":{"allow":["GET"]}}],"collection":[{"href":"https:\/\/procher-beqtechnology.adgmarketing.com\/en\/wp-json\/wp\/v2\/product"}],"about":[{"href":"https:\/\/procher-beqtechnology.adgmarketing.com\/en\/wp-json\/wp\/v2\/types\/product"}],"wp:featuredmedia":[{"embeddable":true,"href":"https:\/\/procher-beqtechnology.adgmarketing.com\/en\/wp-json\/wp\/v2\/media\/1353"}],"wp:attachment":[{"href":"https:\/\/procher-beqtechnology.adgmarketing.com\/en\/wp-json\/wp\/v2\/media?parent=3386"}],"wp:term":[{"taxonomy":"product_brand","embeddable":true,"href":"https:\/\/procher-beqtechnology.adgmarketing.com\/en\/wp-json\/wp\/v2\/product_brand?post=3386"},{"taxonomy":"product_cat","embeddable":true,"href":"https:\/\/procher-beqtechnology.adgmarketing.com\/en\/wp-json\/wp\/v2\/product_cat?post=3386"},{"taxonomy":"product_tag","embeddable":true,"href":"https:\/\/procher-beqtechnology.adgmarketing.com\/en\/wp-json\/wp\/v2\/product_tag?post=3386"}],"curies":[{"name":"wp","href":"https:\/\/api.w.org\/{rel}","templated":true}]}}