{"id":3385,"date":"2021-04-23T18:42:35","date_gmt":"2021-04-23T22:42:35","guid":{"rendered":"https:\/\/beq-technology.adgmarketing.com\/?post_type=product&#038;p=3385"},"modified":"2021-05-06T10:38:50","modified_gmt":"2021-05-06T14:38:50","slug":"borne-de-recharge-technove-48a","status":"publish","type":"product","link":"https:\/\/procher-beqtechnology.adgmarketing.com\/en\/produit\/borne-de-recharge-technove-48a\/","title":{"rendered":"Borne de recharge TechnoVE 48A"},"content":{"rendered":"<p><strong>Borne de recharge de base de 240 Vac d&rsquo;une puissance jusqu&rsquo;\u00e0\u00a011,5 kWatts.<\/strong><\/p>\n<p><strong>C\u00e2ble ultra-flexible de 25pi.<\/strong><\/p>\n<p><strong>Boitier de type industriel avec support mural.<\/strong><\/p>\n<p><strong>Garantie de 3 ans.<\/strong><\/p>","protected":false},"excerpt":{"rendered":"<blockquote><p><b><strong>Cette borne peut d\u00e9livrer jusqu&rsquo;\u00e0 48\u00a0amp\u00e8res avec un disjoncteur de 60 A. La configuration peut \u00eatre modifi\u00e9e \u00e0 l&rsquo;installation.<\/strong><\/b><\/p><\/blockquote>\n<ul>\n<li><strong>Alimentation:<\/strong>\u00a0208 &#8211; 240 VAC 60 Hz \u2022\u00a0 de 12 A \u00e0 48 Amp\u00e8res en continue<\/li>\n<li><strong>Courant de charge configurable<\/strong>\n<ul>\n<li><strong>12,\u00a0 16, 24, 32, 40, 48<\/strong><\/li>\n<\/ul>\n<\/li>\n<li><strong>Disjoncteur requis :<\/strong>\n<ul>\n<li><strong>15,\u00a0 20, 30, 40, 50, 60<\/strong><\/li>\n<\/ul>\n<\/li>\n<li><strong>Puissance de sortie:<\/strong>\u00a0jusqu&rsquo;\u00e0 11500 Watts selon la configuration<\/li>\n<li><strong>Coupleur J1772<\/strong>\u00a0de 50 Amp\u00e8res<\/li>\n<li><strong>\u00c9tanch\u00e9it\u00e9\u00a0pour toutes saisons.<\/strong><\/li>\n<li><strong>CCID 5ma.<\/strong><\/li>\n<li><strong>Protection contre les surtensions.<\/strong><\/li>\n<li><strong>D\u00e9tection de d\u00e9fectuosit\u00e9 de relais.<\/strong><\/li>\n<li><strong>Temp\u00e9rature de fonctionnement:<\/strong>\u00a0-40\u00b0C to +40\u00b0C<\/li>\n<li><strong>Bo\u00eetier:<\/strong>\u00a0En aluminium 3.8 mm.<\/li>\n<\/ul>","protected":false},"featured_media":1159,"template":"","meta":{"_acf_changed":false},"product_brand":[],"product_cat":[33],"product_tag":[],"class_list":{"0":"post-3385","1":"product","2":"type-product","3":"status-publish","4":"has-post-thumbnail","6":"product_cat-bornes-de-recharges","8":"first","9":"instock","10":"taxable","11":"shipping-taxable","12":"purchasable","13":"product-type-variable","14":"has-default-attributes"},"acf":[],"_links":{"self":[{"href":"https:\/\/procher-beqtechnology.adgmarketing.com\/en\/wp-json\/wp\/v2\/product\/3385","targetHints":{"allow":["GET"]}}],"collection":[{"href":"https:\/\/procher-beqtechnology.adgmarketing.com\/en\/wp-json\/wp\/v2\/product"}],"about":[{"href":"https:\/\/procher-beqtechnology.adgmarketing.com\/en\/wp-json\/wp\/v2\/types\/product"}],"wp:featuredmedia":[{"embeddable":true,"href":"https:\/\/procher-beqtechnology.adgmarketing.com\/en\/wp-json\/wp\/v2\/media\/1159"}],"wp:attachment":[{"href":"https:\/\/procher-beqtechnology.adgmarketing.com\/en\/wp-json\/wp\/v2\/media?parent=3385"}],"wp:term":[{"taxonomy":"product_brand","embeddable":true,"href":"https:\/\/procher-beqtechnology.adgmarketing.com\/en\/wp-json\/wp\/v2\/product_brand?post=3385"},{"taxonomy":"product_cat","embeddable":true,"href":"https:\/\/procher-beqtechnology.adgmarketing.com\/en\/wp-json\/wp\/v2\/product_cat?post=3385"},{"taxonomy":"product_tag","embeddable":true,"href":"https:\/\/procher-beqtechnology.adgmarketing.com\/en\/wp-json\/wp\/v2\/product_tag?post=3385"}],"curies":[{"name":"wp","href":"https:\/\/api.w.org\/{rel}","templated":true}]}}