{"id":3384,"date":"2021-04-23T18:42:35","date_gmt":"2021-04-23T22:42:35","guid":{"rendered":"https:\/\/beq-technology.adgmarketing.com\/?post_type=product&#038;p=3384"},"modified":"2026-04-16T15:08:23","modified_gmt":"2026-04-16T19:08:23","slug":"borne-de-recharge-technove-32a","status":"publish","type":"product","link":"https:\/\/procher-beqtechnology.adgmarketing.com\/en\/produit\/borne-de-recharge-technove-32a\/","title":{"rendered":"Borne de recharge TechnoVE 32A"},"content":{"rendered":"<p><strong>Borne de recharge de base pour v\u00e9hicule \u00e9lectrique de 208\/240 Vac d&rsquo;une puissance de jusqu&rsquo;\u00e0 7,7 kWatts.<\/strong><\/p>\n<p><strong>Boitier de type industriel avec support mural, mobile ou non.<\/strong><\/p>\n<p><strong>C\u00e2ble ultra-flexible de 25pi.<\/strong><\/p>\n<p><strong>Garantie de\u00a03 ans.<\/strong><\/p>","protected":false},"excerpt":{"rendered":"<p><b><strong>La borne est configur\u00e9e en usine \u00e0 32 amp\u00e8res. Un disjoncteur de 40 A est requis. La configuration peut \u00eatre modifi\u00e9e \u00e0 l&rsquo;installation.<\/strong><\/b><\/p>\n<ul>\n<li><strong>Alimentation:<\/strong>\u00a0208 &#8211; 240 VAC 60 Hz \u2022\u00a0 de 12 \u00e0 32 Amp\u00e8res en continue<\/li>\n<li><strong>Courant de charge configurable<\/strong>\n<ul>\n<li><strong>12,\u00a0 16, 24, 32<\/strong><\/li>\n<\/ul>\n<\/li>\n<li><strong>Disjoncteur requis :<\/strong>\n<ul>\n<li><strong>15,\u00a0 20, 30, 40<\/strong><\/li>\n<\/ul>\n<\/li>\n<li><strong>Puissance de sortie:<\/strong>\u00a0jusqu&rsquo;\u00e0 7700 Watts selon la configuration<\/li>\n<li><strong>Coupleur J1772<\/strong>\u00a0de 32 Amp\u00e8res<\/li>\n<li><strong>\u00c9tanch\u00e9it\u00e9 pour toutes saisons.<\/strong><\/li>\n<li><strong>CCID 5 ma.<\/strong><\/li>\n<li><strong>Protection contre les surtensions.<\/strong><\/li>\n<li><strong>D\u00e9tection de d\u00e9fectuosit\u00e9 de relais.<\/strong><\/li>\n<li><strong>Temp\u00e9rature de fonctionnement:<\/strong>\u00a0-40\u00b0C to +40\u00b0C<\/li>\n<li><strong>Bo\u00eetier:<\/strong>\u00a0En aluminium 3.8 mm<\/li>\n<li><strong>Dimensions:<\/strong>\u00a0230 x 150 x 75 mm<\/li>\n<li><strong>Option: Fixe ou Mobile; de base ou intelligente.<\/strong><\/li>\n<\/ul>","protected":false},"featured_media":1159,"template":"","meta":{"_acf_changed":false},"product_brand":[],"product_cat":[33],"product_tag":[],"class_list":{"0":"post-3384","1":"product","2":"type-product","3":"status-publish","4":"has-post-thumbnail","6":"product_cat-bornes-de-recharges","8":"first","9":"outofstock","10":"taxable","11":"shipping-taxable","12":"purchasable","13":"product-type-variable"},"acf":[],"_links":{"self":[{"href":"https:\/\/procher-beqtechnology.adgmarketing.com\/en\/wp-json\/wp\/v2\/product\/3384","targetHints":{"allow":["GET"]}}],"collection":[{"href":"https:\/\/procher-beqtechnology.adgmarketing.com\/en\/wp-json\/wp\/v2\/product"}],"about":[{"href":"https:\/\/procher-beqtechnology.adgmarketing.com\/en\/wp-json\/wp\/v2\/types\/product"}],"wp:featuredmedia":[{"embeddable":true,"href":"https:\/\/procher-beqtechnology.adgmarketing.com\/en\/wp-json\/wp\/v2\/media\/1159"}],"wp:attachment":[{"href":"https:\/\/procher-beqtechnology.adgmarketing.com\/en\/wp-json\/wp\/v2\/media?parent=3384"}],"wp:term":[{"taxonomy":"product_brand","embeddable":true,"href":"https:\/\/procher-beqtechnology.adgmarketing.com\/en\/wp-json\/wp\/v2\/product_brand?post=3384"},{"taxonomy":"product_cat","embeddable":true,"href":"https:\/\/procher-beqtechnology.adgmarketing.com\/en\/wp-json\/wp\/v2\/product_cat?post=3384"},{"taxonomy":"product_tag","embeddable":true,"href":"https:\/\/procher-beqtechnology.adgmarketing.com\/en\/wp-json\/wp\/v2\/product_tag?post=3384"}],"curies":[{"name":"wp","href":"https:\/\/api.w.org\/{rel}","templated":true}]}}