{"id":3370,"date":"2021-04-23T18:42:30","date_gmt":"2021-04-23T22:42:30","guid":{"rendered":"https:\/\/beq-technology.adgmarketing.com\/?post_type=product&#038;p=3370"},"modified":"2023-12-21T15:28:17","modified_gmt":"2023-12-21T20:28:17","slug":"systeme-de-cable-retractable-universel-residentiel-et-commercial-beq-technology","status":"publish","type":"product","link":"https:\/\/procher-beqtechnology.adgmarketing.com\/en\/produit\/systeme-de-cable-retractable-universel-residentiel-et-commercial-beq-technology\/","title":{"rendered":"Syst\u00e8me de c\u00e2ble r\u00e9tractable universel r\u00e9sidentiel et commercial BEQ Technology"},"content":{"rendered":"<p style=\"text-align: left;\">Le syst\u00e8me de c\u00e2ble r\u00e9tractable universel BEQ Technology permet de g\u00e9rer le c\u00e2ble de votre borne de recharge pour v\u00e9hicules \u00e9lectriques \u00e0 votre domicile.<br \/>\nVous salir les mains avec de l&rsquo;eau souill\u00e9e, de la boue ou de la gadoue en d\u00e9branchant votre voiture sera chose du pass\u00e9.<\/p>\n<p style=\"text-align: left;\">D\u00c9TAILS :<\/p>\n<ul>\n<li style=\"text-align: left;\">Fait en aluminium et peint \u00e0 l\u2019aide d\u2019une peinture en poudre par proc\u00e9d\u00e9 \u00e9lectrostatique<\/li>\n<li style=\"text-align: left;\"><strong>Universel (compatible avec toutes les bornes)<\/strong><\/li>\n<li style=\"text-align: left;\">S\u2019installe \u00e0 l\u2019ext\u00e9rieur ou \u00e0 l\u2019int\u00e9rieur<\/li>\n<li style=\"text-align: left;\">Garantie d\u2019un an sur les d\u00e9fauts de fabrication<\/li>\n<li style=\"text-align: left;\">Le rail doit \u00eatre install\u00e9 \u00e0 minimum 28 pouces (71 cm) du sol<\/li>\n<li style=\"text-align: left;\">La borne doit \u00eatre install\u00e9 \u00e0 40 pouces (~1 m\u00e8tre) du sol<\/li>\n<li style=\"text-align: left;\">T\u00eate inversible (gauche-droite) avec ourlet en porcelaine pour plus de durabilit\u00e9<\/li>\n<\/ul>\n<p>&nbsp;<\/p>\n<p style=\"text-align: center;\"><iframe src=\"https:\/\/player.vimeo.com\/video\/475629037\" width=\"640\" height=\"360\" frameborder=\"0\" allowfullscreen=\"allowfullscreen\"><\/iframe><\/p>\n<\/p>\n<p><iframe title=\"Retractable cable system\" src=\"https:\/\/player.vimeo.com\/video\/887669815?dnt=1&amp;app_id=122963\" width=\"500\" height=\"281\" frameborder=\"0\" allow=\"autoplay; fullscreen; picture-in-picture; clipboard-write\"><\/iframe><\/p>\n<p>","protected":false},"excerpt":{"rendered":"<p>Dimension totale* : (H x L x P) 213 cm x 5 cm x 5 cm (84 po x 2 po x 2 po)<\/p>\n<p><a href=\"https:\/\/borneselectriquesquebec.com\/wp-content\/uploads\/2020\/11\/systeme-cable-retractable-instructions-booklet.pdf\" target=\"_blank\" rel=\"noopener\">T\u00e9l\u00e9charger le guide d&rsquo;installation<\/a> (PDF ~1,2 mo)<\/p>\n<p>* EN Approximativement, peut changer sans pr\u00e9avis.<\/p>","protected":false},"featured_media":2196,"template":"","meta":{"_acf_changed":false},"product_brand":[],"product_cat":[31],"product_tag":[],"class_list":{"0":"post-3370","1":"product","2":"type-product","3":"status-publish","4":"has-post-thumbnail","6":"product_cat-accessoires","8":"first","9":"instock","10":"taxable","11":"shipping-taxable","12":"purchasable","13":"product-type-simple"},"acf":[],"_links":{"self":[{"href":"https:\/\/procher-beqtechnology.adgmarketing.com\/en\/wp-json\/wp\/v2\/product\/3370","targetHints":{"allow":["GET"]}}],"collection":[{"href":"https:\/\/procher-beqtechnology.adgmarketing.com\/en\/wp-json\/wp\/v2\/product"}],"about":[{"href":"https:\/\/procher-beqtechnology.adgmarketing.com\/en\/wp-json\/wp\/v2\/types\/product"}],"wp:featuredmedia":[{"embeddable":true,"href":"https:\/\/procher-beqtechnology.adgmarketing.com\/en\/wp-json\/wp\/v2\/media\/2196"}],"wp:attachment":[{"href":"https:\/\/procher-beqtechnology.adgmarketing.com\/en\/wp-json\/wp\/v2\/media?parent=3370"}],"wp:term":[{"taxonomy":"product_brand","embeddable":true,"href":"https:\/\/procher-beqtechnology.adgmarketing.com\/en\/wp-json\/wp\/v2\/product_brand?post=3370"},{"taxonomy":"product_cat","embeddable":true,"href":"https:\/\/procher-beqtechnology.adgmarketing.com\/en\/wp-json\/wp\/v2\/product_cat?post=3370"},{"taxonomy":"product_tag","embeddable":true,"href":"https:\/\/procher-beqtechnology.adgmarketing.com\/en\/wp-json\/wp\/v2\/product_tag?post=3370"}],"curies":[{"name":"wp","href":"https:\/\/api.w.org\/{rel}","templated":true}]}}