{"id":3369,"date":"2021-04-23T18:42:29","date_gmt":"2021-04-23T22:42:29","guid":{"rendered":"https:\/\/beq-technology.adgmarketing.com\/?post_type=product&#038;p=3369"},"modified":"2021-05-06T09:10:36","modified_gmt":"2021-05-06T13:10:36","slug":"protecteur-de-pistolet-pour-borne-de-recharge","status":"publish","type":"product","link":"https:\/\/procher-beqtechnology.adgmarketing.com\/en\/produit\/protecteur-de-pistolet-pour-borne-de-recharge\/","title":{"rendered":"Protecteur de pistolet pour borne de recharge"},"content":{"rendered":"<div>\n<p>\u00c9lectromobilistes! Vous avez une borne de recharge (EVSE) pour votre v\u00e9hicule \u00e9lectrique (VE) et vous voulez la prot\u00e9ger de la glace, de la neige, du sable, de la pluie ou tout autre d\u00e9bris. Lors des recharges hivernales votre connecteur s&rsquo;est d\u00e9j\u00e0 retrouv\u00e9 fig\u00e9 dans la glace. L&rsquo;\u00e9tui r\u00e9sistant EVPLUG prot\u00e8ge le bouton de d\u00e9gagement du pistolet et le connecteur de la borne de recharge des intemp\u00e9ries lorsqu\u2019il est sur son support ainsi que lors de son utilisation.<\/p>\n<\/div>\n<p>Fabriqu\u00e9 en nylon r\u00e9sistant, ce protecteur de pistolet reste en place sur le connecteur \u00e9lectrique gr\u00e2ce \u00e0 une attache extensible et ajustable. Facile \u00e0 installer et \u00e0 utiliser. Pour brancher le v\u00e9hicule, il suffit de pousser contre l\u2019ouverture magn\u00e9tique pour faire sortir l\u2019embout de connexion. Gardez vos gants dans vos mains, une simple pression des aimants suffit pour refermer l\u2019\u00e9tui lorsque la charge est termin\u00e9e.<\/p>\n<p>L\u2019\u00e9tui protecteur reste sur le connecteur de la borne de recharge en tout temps. Ce qui \u00e9vite les retards et bris du aux intemp\u00e9ries. Vous remarquerez que votre pistolet est prot\u00e9g\u00e9 m\u00eame quand il est rang\u00e9 ou hors service. Roulez \u00e9lectrique l&rsquo;hiver sans tracas!<\/p>\n<p>Ce produit est enti\u00e8rement con\u00e7u et fabriqu\u00e9 au Qu\u00e9bec.<\/p>","protected":false},"excerpt":{"rendered":"<div>\n<p><strong>\u00a0\u00c9lectromobilistes ! Vous avez une borne de recharge (EVSE) pour votre v\u00e9hicule \u00e9lectrique (VE) et vous voulez la prot\u00e9ger de la glace, de la neige, du sable, de la pluie ou toute autre d\u00e9bris. Lors des recharges hivernales votre connecteur c&rsquo;est d\u00e9j\u00e0 retrouv\u00e9 fig\u00e9 dans la glace. L&rsquo;\u00e9tui r\u00e9sistant EVPLUG prot\u00e8ge le bouton de d\u00e9gagement du pistolet et le connecteur de la borne de recharge des intemp\u00e9ries lorsqu\u2019il est sur son support ainsi que lors de son utilisation.<\/strong><\/p>\n<\/div>\n<p><strong>\u00a0 \u00a0 \u00a0 \u00a0 \u00a0 Fabriqu\u00e9 en nylon r\u00e9sistant, ce protecteur reste en place sur le connecteur \u00e9lectrique gr\u00e2ce \u00e0 une attache extensible et ajustable. Facile \u00e0 installer et \u00e0 utiliser. Pour brancher le v\u00e9hicule il suffit de pousser contre l\u2019ouverture magn\u00e9tique pour faire sortir l\u2019embout de connexion. Garder vos gants dans vos mains, une simple pression des aimants suffit pour refermer l\u2019\u00e9tui lorsque la charge est termin\u00e9e.<\/strong><\/p>\n<p><strong>\u00a0 \u00a0 \u00a0 \u00a0 \u00a0 L\u2019\u00e9tui protecteur reste sur le connecteur de la borne de recharge en tout temps ce qui \u00e9vite les retards et bris du aux intemp\u00e9ries, vous remarquerez que votre pistolet est prot\u00e9g\u00e9 m\u00eame quand il est rang\u00e9 ou hors service. Rouler \u00e9lectrique l&rsquo;hiver sans tracas!<\/strong><\/p>\n<p><strong>\u00a0 \u00a0 \u00a0 \u00a0 \u00a0 Ce produit est enti\u00e8rement con\u00e7u et fabriqu\u00e9 au Qu\u00e9bec.<\/strong><\/p>","protected":false},"featured_media":1302,"template":"","meta":{"_acf_changed":false},"product_brand":[],"product_cat":[31],"product_tag":[],"class_list":{"0":"post-3369","1":"product","2":"type-product","3":"status-publish","4":"has-post-thumbnail","6":"product_cat-accessoires","8":"first","9":"instock","10":"taxable","11":"shipping-taxable","12":"purchasable","13":"product-type-simple"},"acf":[],"_links":{"self":[{"href":"https:\/\/procher-beqtechnology.adgmarketing.com\/en\/wp-json\/wp\/v2\/product\/3369","targetHints":{"allow":["GET"]}}],"collection":[{"href":"https:\/\/procher-beqtechnology.adgmarketing.com\/en\/wp-json\/wp\/v2\/product"}],"about":[{"href":"https:\/\/procher-beqtechnology.adgmarketing.com\/en\/wp-json\/wp\/v2\/types\/product"}],"wp:featuredmedia":[{"embeddable":true,"href":"https:\/\/procher-beqtechnology.adgmarketing.com\/en\/wp-json\/wp\/v2\/media\/1302"}],"wp:attachment":[{"href":"https:\/\/procher-beqtechnology.adgmarketing.com\/en\/wp-json\/wp\/v2\/media?parent=3369"}],"wp:term":[{"taxonomy":"product_brand","embeddable":true,"href":"https:\/\/procher-beqtechnology.adgmarketing.com\/en\/wp-json\/wp\/v2\/product_brand?post=3369"},{"taxonomy":"product_cat","embeddable":true,"href":"https:\/\/procher-beqtechnology.adgmarketing.com\/en\/wp-json\/wp\/v2\/product_cat?post=3369"},{"taxonomy":"product_tag","embeddable":true,"href":"https:\/\/procher-beqtechnology.adgmarketing.com\/en\/wp-json\/wp\/v2\/product_tag?post=3369"}],"curies":[{"name":"wp","href":"https:\/\/api.w.org\/{rel}","templated":true}]}}