{"id":3368,"date":"2021-04-23T18:42:29","date_gmt":"2021-04-23T22:42:29","guid":{"rendered":"https:\/\/beq-technology.adgmarketing.com\/?post_type=product&#038;p=3368"},"modified":"2021-05-06T10:49:08","modified_gmt":"2021-05-06T14:49:08","slug":"pancarte-de-stationnement","status":"publish","type":"product","link":"https:\/\/procher-beqtechnology.adgmarketing.com\/en\/produit\/pancarte-de-stationnement\/","title":{"rendered":"Pancarte de stationnement"},"content":{"rendered":"<p>Pancarte de stationnement pour v\u00e9hicules \u00e9lectriques.<br \/>\nPlusieurs mentions disponibles : R\u00e9serv\u00e9 aux employ\u00e9s, R\u00e9serv\u00e9 aux clients ou simplement R\u00e9serv\u00e9 aux v\u00e9hicules en recharge.<\/p>","protected":false},"excerpt":{"rendered":"<p>Annoncer clairement vos stationnements munis de borne de recharge gr\u00e2ce \u00e0 nos affiches d&rsquo;identification de stationnement pour v\u00e9hicules \u00e9lectriques. Plusieurs mentions disponibles : R\u00e9serv\u00e9 aux employ\u00e9s, R\u00e9serv\u00e9 aux clients ou simplement R\u00e9serv\u00e9 aux v\u00e9hicules en recharge.<\/p>\n<p>Disponible en format 12 x 24.<\/p>","protected":false},"featured_media":1273,"template":"","meta":{"_acf_changed":false},"product_brand":[],"product_cat":[31],"product_tag":[],"class_list":{"0":"post-3368","1":"product","2":"type-product","3":"status-publish","4":"has-post-thumbnail","6":"product_cat-accessoires","8":"first","9":"instock","10":"taxable","11":"shipping-taxable","12":"purchasable","13":"product-type-variable"},"acf":[],"_links":{"self":[{"href":"https:\/\/procher-beqtechnology.adgmarketing.com\/en\/wp-json\/wp\/v2\/product\/3368","targetHints":{"allow":["GET"]}}],"collection":[{"href":"https:\/\/procher-beqtechnology.adgmarketing.com\/en\/wp-json\/wp\/v2\/product"}],"about":[{"href":"https:\/\/procher-beqtechnology.adgmarketing.com\/en\/wp-json\/wp\/v2\/types\/product"}],"wp:featuredmedia":[{"embeddable":true,"href":"https:\/\/procher-beqtechnology.adgmarketing.com\/en\/wp-json\/wp\/v2\/media\/1273"}],"wp:attachment":[{"href":"https:\/\/procher-beqtechnology.adgmarketing.com\/en\/wp-json\/wp\/v2\/media?parent=3368"}],"wp:term":[{"taxonomy":"product_brand","embeddable":true,"href":"https:\/\/procher-beqtechnology.adgmarketing.com\/en\/wp-json\/wp\/v2\/product_brand?post=3368"},{"taxonomy":"product_cat","embeddable":true,"href":"https:\/\/procher-beqtechnology.adgmarketing.com\/en\/wp-json\/wp\/v2\/product_cat?post=3368"},{"taxonomy":"product_tag","embeddable":true,"href":"https:\/\/procher-beqtechnology.adgmarketing.com\/en\/wp-json\/wp\/v2\/product_tag?post=3368"}],"curies":[{"name":"wp","href":"https:\/\/api.w.org\/{rel}","templated":true}]}}