{"id":3367,"date":"2021-04-23T18:42:29","date_gmt":"2021-04-23T22:42:29","guid":{"rendered":"https:\/\/beq-technology.adgmarketing.com\/?post_type=product&#038;p=3367"},"modified":"2026-04-16T13:08:23","modified_gmt":"2026-04-16T17:08:23","slug":"eco-dome","status":"publish","type":"product","link":"https:\/\/procher-beqtechnology.adgmarketing.com\/en\/produit\/eco-dome\/","title":{"rendered":"Eco-dome"},"content":{"rendered":"<h2>ECO-DOME : Prot\u00e9ger votre V\u00c9<\/h2>\n<p>ECO-DOME repr\u00e9sente la protection indispensable et haut de gamme pour prot\u00e9ger la connexion \u00e9lectrique du v\u00e9hicule ainsi que la porti\u00e8re de recharge contre la neige, la glace et le verglas!<\/p>\n<p>Ce produit brevet\u00e9 est enti\u00e8rement con\u00e7u au Qu\u00e9bec. Il saura pr\u00e9venir les bris et probl\u00e9matiques de rechargement que les intemp\u00e9ries de notre climat hivernal peuvent causer! Fabriqu\u00e9 d\u2019un canevas de qualit\u00e9 sup\u00e9rieure et non d\u2019un tissu mince qui risque de d\u00e9chirer d\u2019un simple coup de vent, il demeurera en excellente condition pour longtemps. Test\u00e9 au froid extr\u00eame, il gardera sa condition originale! Une bande agrippante de fixations m\u00e9caniques par crochets et boucles textile vient refermer l\u2019acc\u00e8s du c\u00e2ble \u00e9lectrique pour \u00e9viter que la neige et la pluie vergla\u00e7ante se loge \u00e0 l\u2019int\u00e9rieur.<\/p>\n<p>Un beau produit, une belle finition qui combine bien le c\u00f4t\u00e9 pratique et esth\u00e9tique. Commandez le v\u00f4tre d\u00e8s aujourd\u2019hui!<\/p>\n<p>Notre philosophie \u00e9co-responsable est de fabriquer des produits durables pour \u00e9viter la surconsommation. L\u2019ECO-DOME s\u2019adapte \u00e0 plusieurs v\u00e9hicules hybrides ou \u00e9lectriques gr\u00e2ce \u00e0 ses aimants qui adh\u00e8rent \u00e0 la carrosserie. Les v\u00e9hicules fabriqu\u00e9s de polym\u00e8re, plastique ou aluminium sont incompatibles avec les mod\u00e8les ECO-DOME, car les aimants n\u2019y adh\u00e8rent pas.<\/p>\n<div class=\"eco-dome-charts-content\"><a href=\"https:\/\/borneselectriquesquebec.com\/wp-content\/uploads\/2020\/02\/charte-eco-dome-novembre-2019-scaled.jpg\" target=\"_blank\" rel=\"noopener\"><img decoding=\"async\" src=\"https:\/\/borneselectriquesquebec.com\/wp-content\/uploads\/2020\/02\/charte-eco-dome-novembre-2019-scaled.jpg\" \/><\/a><\/div>","protected":false},"excerpt":{"rendered":"<p>ECO-DOME repr\u00e9sentent la protection indispensable et de haute gamme pour prot\u00e9ger la connexion \u00e9lectrique du v\u00e9hicule ainsi que la porti\u00e8re de recharge contre la neige, la glace et le verglas!! Ce produit brevet\u00e9 est enti\u00e8rement con\u00e7u au Qu\u00e9bec!! Il saura pr\u00e9venir les bris et probl\u00e9matiques de rechargement que les intemp\u00e9ries de notre climat hivernal peuvent causer!! Fabriqu\u00e9 d\u2019un canevas de qualit\u00e9 sup\u00e9rieure et non d\u2019un tissu mince qui risque de d\u00e9chirer d\u2019un simple coup de vent, il demeurera en excellente condition pour longtemps (test\u00e9 au froid extr\u00eame, il gardera sa condition originale)!! Une bande agrippante de fixations m\u00e9caniques par crochets et boucles textile vient refermer l\u2019acc\u00e8s du c\u00e2ble \u00e9lectrique pour \u00e9viter que la neige et la pluie vergla\u00e7ante se loge \u00e0 l\u2019int\u00e9rieur. Un beau produit, une belle finition qui combine bien le c\u00f4t\u00e9 pratique et esth\u00e9tique. Commandez le v\u00f4tre d\u00e8s aujourd\u2019hui !! Notre philosophie \u00e9co-responsable est de fabriquer des produits durables pour \u00e9viter la surconsommation!! L\u2019ECO-DOME s\u2019adapte \u00e0 plusieurs v\u00e9hicules hybrides ou \u00e9lectriques gr\u00e2ce \u00e0 ses aimants qui adh\u00e8rent \u00e0 la carrosserie!! Les v\u00e9hicules fabriqu\u00e9s de Polym\u00e8re, plastique ou aluminium sont incompatibles avec les mod\u00e8les ECO DOME car les aimants n\u2019y adh\u00e8rent pas.<\/p>","protected":false},"featured_media":1326,"template":"","meta":{"_acf_changed":false},"product_brand":[],"product_cat":[31],"product_tag":[],"class_list":{"0":"post-3367","1":"product","2":"type-product","3":"status-publish","4":"has-post-thumbnail","6":"product_cat-accessoires","8":"first","9":"outofstock","10":"taxable","11":"shipping-taxable","12":"purchasable","13":"product-type-variable","14":"has-default-attributes"},"acf":[],"_links":{"self":[{"href":"https:\/\/procher-beqtechnology.adgmarketing.com\/en\/wp-json\/wp\/v2\/product\/3367","targetHints":{"allow":["GET"]}}],"collection":[{"href":"https:\/\/procher-beqtechnology.adgmarketing.com\/en\/wp-json\/wp\/v2\/product"}],"about":[{"href":"https:\/\/procher-beqtechnology.adgmarketing.com\/en\/wp-json\/wp\/v2\/types\/product"}],"wp:featuredmedia":[{"embeddable":true,"href":"https:\/\/procher-beqtechnology.adgmarketing.com\/en\/wp-json\/wp\/v2\/media\/1326"}],"wp:attachment":[{"href":"https:\/\/procher-beqtechnology.adgmarketing.com\/en\/wp-json\/wp\/v2\/media?parent=3367"}],"wp:term":[{"taxonomy":"product_brand","embeddable":true,"href":"https:\/\/procher-beqtechnology.adgmarketing.com\/en\/wp-json\/wp\/v2\/product_brand?post=3367"},{"taxonomy":"product_cat","embeddable":true,"href":"https:\/\/procher-beqtechnology.adgmarketing.com\/en\/wp-json\/wp\/v2\/product_cat?post=3367"},{"taxonomy":"product_tag","embeddable":true,"href":"https:\/\/procher-beqtechnology.adgmarketing.com\/en\/wp-json\/wp\/v2\/product_tag?post=3367"}],"curies":[{"name":"wp","href":"https:\/\/api.w.org\/{rel}","templated":true}]}}