{"id":3366,"date":"2021-04-23T18:42:28","date_gmt":"2021-04-23T22:42:28","guid":{"rendered":"https:\/\/beq-technology.adgmarketing.com\/?post_type=product&#038;p=3366"},"modified":"2023-11-08T10:48:53","modified_gmt":"2023-11-08T15:48:53","slug":"borne-de-recharge-flo-maison-x5-30a-flo-x5","status":"publish","type":"product","link":"https:\/\/procher-beqtechnology.adgmarketing.com\/en\/produit\/borne-de-recharge-flo-maison-x5-30a-flo-x5\/","title":{"rendered":"Borne de recharge FLO Maison X5 30A (Flo-X5)"},"content":{"rendered":"<p>La FLO Maison\u2122 X5 est conc\u0327ue pour les maisons unifamiliales et est compatible avec tous les mode\u0300les de ve\u0301hicules e\u0301lectriques et hybrides rechargeables. Elle peut e\u0302tre installe\u0301e a\u0300 l\u2019inte\u0301rieur comme a\u0300 l\u2019exte\u0301rieur et est parfaitement adapte\u0301e a\u0300 l\u2019hiver canadien. La FLO Maison X5 est connect\u00e9e en r\u00e9seau, ce qui permet a\u0300 l\u2019utilisateur de configurer a\u0300 distance les parame\u0300tres de la borne et de consulter ses donne\u0301es d\u2019utilisation a\u0300 partir d\u2019un portail en ligne se\u0301curise.<\/p>\n<p>Sa convivialit\u00e9, sa facilit\u00e9 d\u2019utilisation et sa robustesse en font d\u2019elle\u00a0<a href=\"https:\/\/www.protegez-vous.ca\/automobile\/bornes-de-recharge\/comparez-toutes-les-bornes-de-recharge-pour-vehicules-electriques?s%5Bfields%5D%5B1%5D%5Bvalue%5D=\">le meilleur achat selon le magazine Prot\u00e9gez-Vous<\/a>. Elle s\u2019est class\u00e9e en premi\u00e8re position avec un pointage d\u2019appr\u00e9ciation de 88%.<\/p>\n<p>Les acheteurs l\u2019appr\u00e9cient pour son design et elle offre un \u00e9clairage tr\u00e8s pratique lorsqu\u2019il fait noir \u00e0 l\u2019ext\u00e9rieur. Elle vient \u00e9galement avec un long c\u00e2ble de 25 pieds.<\/p>","protected":false},"excerpt":{"rendered":"<ul>\n<li>-Borne de recharge de niveau 2 (charge votre V\u00c9 5 fois plus vite qu\u2019une borne de niveau 1)<\/li>\n<li>-Compatible avec tous les mode\u0300les de ve\u0301hicules e\u0301lectriques et hybrides rechargeables<\/li>\n<li>-Support mural inclus<\/li>\n<li>-Puissance de recharge de 6,2 kW \u00e0 7,2 kW<\/li>\n<li>-Courant de sortie de 30 A<\/li>\n<li>-Tension d\u2019alimentation de 208 V ou 240 V @60Hz<\/li>\n<li>-Connecteur de recharge SAE J1772<sup>MC\u00a0<\/sup>con\u00e7u pour plus de 10 000 cycles de recharge<\/li>\n<li>-Certifi\u00e9e pour op\u00e9rer de -40 \u00b0C \u00e0 50 \u00b0C (de -40 \u00b0F \u00e0 122 \u00b0F) et con\u00e7ue \u00e0 l\u2019aide de composants de premi\u00e8re qualit\u00e9 pour durer plus de 10 ans<\/li>\n<li>-Connexion WIFI : oui<\/li>\n<li>-C\u00e2ble ultra souple de -40 \u00b0C \u00e0 50 \u00b0C (-40\u00b0F \u00e0 122\u00b0F)<\/li>\n<li>-Bo\u00eetier \u00e9tanche et robuste en aluminium certifi\u00e9 NEMA 4X<\/li>\n<li>-Finition haute r\u00e9sistance gris anthracite<\/li>\n<li>-Garantie limit\u00e9e : 3 ans<\/li>\n<\/ul>","protected":false},"featured_media":1114,"template":"","meta":{"_acf_changed":false},"product_brand":[],"product_cat":[197],"product_tag":[],"class_list":{"0":"post-3366","1":"product","2":"type-product","3":"status-publish","4":"has-post-thumbnail","6":"product_cat-commercial","7":"product_shipping_class-borne","9":"first","10":"instock","11":"sale","12":"taxable","13":"shipping-taxable","14":"purchasable","15":"product-type-simple"},"acf":[],"_links":{"self":[{"href":"https:\/\/procher-beqtechnology.adgmarketing.com\/en\/wp-json\/wp\/v2\/product\/3366","targetHints":{"allow":["GET"]}}],"collection":[{"href":"https:\/\/procher-beqtechnology.adgmarketing.com\/en\/wp-json\/wp\/v2\/product"}],"about":[{"href":"https:\/\/procher-beqtechnology.adgmarketing.com\/en\/wp-json\/wp\/v2\/types\/product"}],"wp:featuredmedia":[{"embeddable":true,"href":"https:\/\/procher-beqtechnology.adgmarketing.com\/en\/wp-json\/wp\/v2\/media\/1114"}],"wp:attachment":[{"href":"https:\/\/procher-beqtechnology.adgmarketing.com\/en\/wp-json\/wp\/v2\/media?parent=3366"}],"wp:term":[{"taxonomy":"product_brand","embeddable":true,"href":"https:\/\/procher-beqtechnology.adgmarketing.com\/en\/wp-json\/wp\/v2\/product_brand?post=3366"},{"taxonomy":"product_cat","embeddable":true,"href":"https:\/\/procher-beqtechnology.adgmarketing.com\/en\/wp-json\/wp\/v2\/product_cat?post=3366"},{"taxonomy":"product_tag","embeddable":true,"href":"https:\/\/procher-beqtechnology.adgmarketing.com\/en\/wp-json\/wp\/v2\/product_tag?post=3366"}],"curies":[{"name":"wp","href":"https:\/\/api.w.org\/{rel}","templated":true}]}}