{"id":3364,"date":"2021-04-23T18:42:27","date_gmt":"2021-04-23T22:42:27","guid":{"rendered":"https:\/\/beq-technology.adgmarketing.com\/?post_type=product&#038;p=3364"},"modified":"2021-05-05T19:22:03","modified_gmt":"2021-05-05T23:22:03","slug":"cable-connecteur-sae-j1772-25-pieds32a","status":"publish","type":"product","link":"https:\/\/procher-beqtechnology.adgmarketing.com\/en\/produit\/cable-connecteur-sae-j1772-25-pieds32a\/","title":{"rendered":"C\u00e2ble-connecteur SAE J1772, 25 pieds,32A"},"content":{"rendered":"<p>C\u00e2ble-connecteur de 25 pieds SAE J1772 pour borne de recharge 240V, compatible avec toutes les bornes EVduty.<\/p>","protected":false},"excerpt":{"rendered":"<p>En cas de bris non couvert par la garantie (par exemple : passage d&rsquo;un souffleur \u00e0 neige ou d&rsquo;une tondeuse \u00e0 gazon), c\u00e2ble-connecteur SAE J1772 de remplacement pour borne de recharge 240V.<\/p>\n<p>Longueur du c\u00e2ble : 25 pi.<\/p>\n<p>Compatible avec toutes les bornes EVduty.<\/p>","protected":false},"featured_media":1096,"template":"","meta":{"_acf_changed":false},"product_brand":[],"product_cat":[31],"product_tag":[],"class_list":{"0":"post-3364","1":"product","2":"type-product","3":"status-publish","4":"has-post-thumbnail","6":"product_cat-accessoires","8":"first","9":"instock","10":"taxable","11":"shipping-taxable","12":"purchasable","13":"product-type-simple"},"acf":[],"_links":{"self":[{"href":"https:\/\/procher-beqtechnology.adgmarketing.com\/en\/wp-json\/wp\/v2\/product\/3364","targetHints":{"allow":["GET"]}}],"collection":[{"href":"https:\/\/procher-beqtechnology.adgmarketing.com\/en\/wp-json\/wp\/v2\/product"}],"about":[{"href":"https:\/\/procher-beqtechnology.adgmarketing.com\/en\/wp-json\/wp\/v2\/types\/product"}],"wp:featuredmedia":[{"embeddable":true,"href":"https:\/\/procher-beqtechnology.adgmarketing.com\/en\/wp-json\/wp\/v2\/media\/1096"}],"wp:attachment":[{"href":"https:\/\/procher-beqtechnology.adgmarketing.com\/en\/wp-json\/wp\/v2\/media?parent=3364"}],"wp:term":[{"taxonomy":"product_brand","embeddable":true,"href":"https:\/\/procher-beqtechnology.adgmarketing.com\/en\/wp-json\/wp\/v2\/product_brand?post=3364"},{"taxonomy":"product_cat","embeddable":true,"href":"https:\/\/procher-beqtechnology.adgmarketing.com\/en\/wp-json\/wp\/v2\/product_cat?post=3364"},{"taxonomy":"product_tag","embeddable":true,"href":"https:\/\/procher-beqtechnology.adgmarketing.com\/en\/wp-json\/wp\/v2\/product_tag?post=3364"}],"curies":[{"name":"wp","href":"https:\/\/api.w.org\/{rel}","templated":true}]}}