{"id":17437,"date":"2023-12-06T10:52:51","date_gmt":"2023-12-06T15:52:51","guid":{"rendered":"https:\/\/jeason-beqtechnology.adgmarketing.com\/?post_type=product&#038;p=17437"},"modified":"2026-04-16T15:08:13","modified_gmt":"2026-04-16T19:08:13","slug":"borne-de-recharge-ev-one-32a-bs20-32-fiche-14-50","status":"publish","type":"product","link":"https:\/\/procher-beqtechnology.adgmarketing.com\/en\/produit\/borne-de-recharge-ev-one-32a-bs20-32-fiche-14-50\/","title":{"rendered":"Borne de recharge EV One 32A - BS20-32 (fiche 14-50)"},"content":{"rendered":"<p><span style=\"color: #ff0000;\">***Livraison gratuite***<\/span><\/p>\n<p>La borne de recharge portable EV ONE vous offre un monde de possibilit\u00e9s gr\u00e2ce \u00e0 son amp\u00e9rage r\u00e9glable. Elle permet de recharger votre v\u00e9hicule plus rapidement gr\u00e2ce \u00e0 sa grande puissance, ou de le faire plus lentement pour pr\u00e9server la durabilit\u00e9 de votre batterie.<\/p>\n<ul>\n<li>Courant \u00e9valu\u00e9 32A<\/li>\n<li>Fiche 14-50P pour prise cuisini\u00e8re<\/li>\n<li>M\u00e9thode d\u2019installation Mur \/ Poteau<\/li>\n<li>Avec port de rechargement SAE J1772<\/li>\n<li>Certificat TUV,CE,UL, C CSA US<\/li>\n<li>Degr\u00e9 IP IP66<\/li>\n<li>Tension nominale 240 VAC<\/li>\n<li>Mode monophas\u00e9 7,7Kw<\/li>\n<li>Temp\u00e9rature de fonctionnement -40\u00b0C to +40\u00b0C<\/li>\n<li>Taille de la bo\u00eete 295mm*195mm*70mm<\/li>\n<li>Poids de la bo\u00eete 7Kg<\/li>\n<li>Mat\u00e9riaux du bo\u00eetier ABS+PC alloy<\/li>\n<li>Mode de d\u00e9marrage Bouton(d\u00e9faut)<\/li>\n<li>Courant Ajustable Optionnel<\/li>\n<\/ul>\n<p><img decoding=\"async\" class=\"alignnone size-medium wp-image-16547\" src=\"https:\/\/procher-beqtechnology.adgmarketing.com\/wp-content\/uploads\/2022\/12\/arya-300x300.jpg\" alt=\"\" width=\"300\" height=\"249\" \/><\/p>","protected":false},"excerpt":{"rendered":"<p><span style=\"color: #ff0000;\">***Livraison gratuite***<\/span><\/p>\n<p>La borne de recharge portable EV ONE vous offre un monde de possibilit\u00e9s gr\u00e2ce \u00e0 son amp\u00e9rage r\u00e9glable. Elle permet de recharger votre v\u00e9hicule plus rapidement gr\u00e2ce \u00e0 sa grande puissance, ou de le faire plus lentement pour pr\u00e9server la durabilit\u00e9 de votre batterie.<\/p>\n<ul>\n<li>Courant \u00e9valu\u00e9 32A<\/li>\n<li>Fiche 14-50P pour prise cuisini\u00e8re<\/li>\n<\/ul>\n<h2>Caract\u00e9ristiques:<\/h2>\n<ul>\n<li>\n<h5 class=\"NoMargin\">Affichage de l\u2019\u00e9nergie d\u00e9livr\u00e9e en kWh<\/h5>\n<\/li>\n<li>\n<h5 class=\"NoMargin\">C\u00e2ble de sortie de 7,6 m\u00e8tres (25 pieds)<\/h5>\n<\/li>\n<li>\n<h5>Porte pistolet inclus<\/h5>\n<\/li>\n<li>\n<h5>Support de c\u00e2ble inclus<\/h5>\n<\/li>\n<li>\n<h5 class=\"NoMargin\">Installation int\u00e9rieure ou ext\u00e9rieure<\/h5>\n<\/li>\n<li>\n<h5 class=\"NoMargin\">\u00c9ligible \u00e0 des subventions<\/h5>\n<\/li>\n<\/ul>\n<h2>Fonctionnalit\u00e9s<\/h2>\n<h3 class=\"TextColor-tertiaryColor Margin-bottom-normal\"><small>VOTRE \u00c9CRAN LCD VOUS PERMET DE VOIR EN UN COUP D\u2019OEIL :<\/small><\/h3>\n<div class=\"s-Features__wrapper\">\n<ul>\n<li class=\"s-Features__img h-variableImage__wrapper\">La temp\u00e9rature interne<\/li>\n<li class=\"s-Features__img h-variableImage__wrapper\">L\u2019intensit\u00e9 de charge<\/li>\n<li class=\"s-Features__img h-variableImage__wrapper\">La tension d\u00e9tect\u00e9e<\/li>\n<li class=\"s-Features__img h-variableImage__wrapper\">Le nombre de charges<\/li>\n<li class=\"s-Features__img h-variableImage__wrapper\">Le temps d\u2019utilisation \u00e9coul\u00e9<\/li>\n<li class=\"s-Features__img h-variableImage__wrapper\">Le KWh accumul\u00e9<\/li>\n<li class=\"s-Features__img h-variableImage__wrapper\">La plage d\u2019intensit\u00e9 maximale<\/li>\n<\/ul>\n<\/div>","protected":false},"featured_media":16995,"template":"","meta":{"_acf_changed":false},"product_brand":[],"product_cat":[33],"product_tag":[199,198,200],"class_list":{"0":"post-17437","1":"product","2":"type-product","3":"status-publish","4":"has-post-thumbnail","6":"product_cat-bornes-de-recharges","7":"product_tag-32a-7-6-kw","8":"product_tag-ecran","9":"product_tag-fiche-14-50p","10":"product_shipping_class-borne","12":"first","13":"instock","14":"sale","15":"taxable","16":"shipping-taxable","17":"purchasable","18":"product-type-simple"},"acf":[],"_links":{"self":[{"href":"https:\/\/procher-beqtechnology.adgmarketing.com\/en\/wp-json\/wp\/v2\/product\/17437","targetHints":{"allow":["GET"]}}],"collection":[{"href":"https:\/\/procher-beqtechnology.adgmarketing.com\/en\/wp-json\/wp\/v2\/product"}],"about":[{"href":"https:\/\/procher-beqtechnology.adgmarketing.com\/en\/wp-json\/wp\/v2\/types\/product"}],"wp:featuredmedia":[{"embeddable":true,"href":"https:\/\/procher-beqtechnology.adgmarketing.com\/en\/wp-json\/wp\/v2\/media\/16995"}],"wp:attachment":[{"href":"https:\/\/procher-beqtechnology.adgmarketing.com\/en\/wp-json\/wp\/v2\/media?parent=17437"}],"wp:term":[{"taxonomy":"product_brand","embeddable":true,"href":"https:\/\/procher-beqtechnology.adgmarketing.com\/en\/wp-json\/wp\/v2\/product_brand?post=17437"},{"taxonomy":"product_cat","embeddable":true,"href":"https:\/\/procher-beqtechnology.adgmarketing.com\/en\/wp-json\/wp\/v2\/product_cat?post=17437"},{"taxonomy":"product_tag","embeddable":true,"href":"https:\/\/procher-beqtechnology.adgmarketing.com\/en\/wp-json\/wp\/v2\/product_tag?post=17437"}],"curies":[{"name":"wp","href":"https:\/\/api.w.org\/{rel}","templated":true}]}}